{"id":4,"date":"2016-03-24T14:12:01","date_gmt":"2016-03-24T17:12:01","guid":{"rendered":"http:\/\/localhost\/base\/home\/"},"modified":"2024-06-26T16:46:01","modified_gmt":"2024-06-26T19:46:01","slug":"home","status":"publish","type":"page","link":"https:\/\/www.ipessp.edu.br\/site\/blog\/","title":{"rendered":"Os benef\u00edcios da acupuntura na infertilidade feminina associada a fertiliza\u00e7\u00e3o in vitro: uma revis\u00e3o integrativa."},"content":{"rendered":"\n<p>Os benef\u00edcios da acupuntura na infertilidade feminina associada a fertiliza\u00e7\u00e3o in vitro: uma revis\u00e3o integrativa.<\/p>\n","protected":false},"excerpt":{"rendered":"<p>Os benef\u00edcios da acupuntura na infertilidade feminina associada a fertiliza\u00e7\u00e3o in vitro: uma revis\u00e3o integrativa.<\/p>\n","protected":false},"author":3,"featured_media":0,"parent":0,"menu_order":-1,"comment_status":"closed","ping_status":"closed","template":"page-home.php","meta":[],"acf":[],"amp_enabled":false,"_links":{"self":[{"href":"https:\/\/www.ipessp.edu.br\/site\/blog\/wp-json\/wp\/v2\/pages\/4"}],"collection":[{"href":"https:\/\/www.ipessp.edu.br\/site\/blog\/wp-json\/wp\/v2\/pages"}],"about":[{"href":"https:\/\/www.ipessp.edu.br\/site\/blog\/wp-json\/wp\/v2\/types\/page"}],"author":[{"embeddable":true,"href":"https:\/\/www.ipessp.edu.br\/site\/blog\/wp-json\/wp\/v2\/users\/3"}],"replies":[{"embeddable":true,"href":"https:\/\/www.ipessp.edu.br\/site\/blog\/wp-json\/wp\/v2\/comments?post=4"}],"version-history":[{"count":3,"href":"https:\/\/www.ipessp.edu.br\/site\/blog\/wp-json\/wp\/v2\/pages\/4\/revisions"}],"predecessor-version":[{"id":8200,"href":"https:\/\/www.ipessp.edu.br\/site\/blog\/wp-json\/wp\/v2\/pages\/4\/revisions\/8200"}],"wp:attachment":[{"href":"https:\/\/www.ipessp.edu.br\/site\/blog\/wp-json\/wp\/v2\/media?parent=4"}],"curies":[{"name":"wp","href":"https:\/\/api.w.org\/{rel}","templated":true}]}}