{"id":12,"date":"2016-03-24T14:42:52","date_gmt":"2016-03-24T17:42:52","guid":{"rendered":"http:\/\/localhost\/base\/?page_id=12"},"modified":"2026-01-22T10:08:09","modified_gmt":"2026-01-22T13:08:09","slug":"atendimento","status":"publish","type":"page","link":"https:\/\/www.ipessp.edu.br\/site\/atendimento\/","title":{"rendered":"Central de Atendimento ao Aluno"},"content":{"rendered":"<p><span style=\"font-size: 17px;\">Voc\u00ea pode entrar em contato com o <a href=\"https:\/\/www.ipessp.edu.br\/site\/nossa-historia\/\">IPESSP<\/a> tamb\u00e9m por e-mail, preenchendo o formul\u00e1rio abaixo.<\/span><\/p>\n","protected":false},"excerpt":{"rendered":"<p>Voc\u00ea pode entrar em contato com o IPESSP tamb\u00e9m por e-mail, preenchendo o formul\u00e1rio abaixo.<\/p>\n","protected":false},"author":3,"featured_media":0,"parent":0,"menu_order":0,"comment_status":"closed","ping_status":"closed","template":"page-fale-conosco.php","meta":{"footnotes":""},"class_list":["post-12","page","type-page","status-publish","hentry"],"acf":[],"yoast_head":"<!-- This site is optimized with the Yoast SEO plugin v27.3 - https:\/\/yoast.com\/product\/yoast-seo-wordpress\/ -->\n<title>Central de Atendimento ao Aluno - IPESSP<\/title>\n<meta name=\"description\" content=\"O IPESSP disponibiliza v\u00e1rios canais de atendimento, escolha o melhor e entre em contato para tirar d\u00favidas por telefone, email ou presencial\" \/>\n<meta name=\"robots\" content=\"index, follow, max-snippet:-1, max-image-preview:large, max-video-preview:-1\" \/>\n<link rel=\"canonical\" href=\"https:\/\/ipessp.edu.br\/site\/atendimento\/\" \/>\n<meta property=\"og:locale\" content=\"pt_BR\" \/>\n<meta property=\"og:type\" content=\"article\" \/>\n<meta property=\"og:title\" content=\"Central de Atendimento ao Aluno - IPESSP\" \/>\n<meta property=\"og:description\" content=\"O IPESSP disponibiliza v\u00e1rios canais de atendimento, escolha o melhor e entre em contato para tirar d\u00favidas por telefone, email ou presencial\" \/>\n<meta property=\"og:url\" content=\"https:\/\/ipessp.edu.br\/site\/atendimento\/\" \/>\n<meta property=\"og:site_name\" content=\"IPESSP\" \/>\n<meta property=\"article:publisher\" content=\"https:\/\/www.facebook.com\/ipesspedu\/?ref=pages_you_manage\" \/>\n<meta property=\"article:modified_time\" content=\"2026-01-22T13:08:09+00:00\" \/>\n<meta name=\"twitter:card\" content=\"summary_large_image\" \/>\n<meta name=\"twitter:site\" content=\"@ipessp\" \/>\n<meta name=\"twitter:label1\" content=\"Est. tempo de leitura\" \/>\n\t<meta name=\"twitter:data1\" content=\"1 minuto\" \/>\n<script type=\"application\/ld+json\" class=\"yoast-schema-graph\">{\"@context\":\"https:\\\/\\\/schema.org\",\"@graph\":[{\"@type\":\"WebPage\",\"@id\":\"https:\\\/\\\/ipessp.edu.br\\\/site\\\/atendimento\\\/\",\"url\":\"https:\\\/\\\/ipessp.edu.br\\\/site\\\/atendimento\\\/\",\"name\":\"Central de Atendimento ao Aluno - IPESSP\",\"isPartOf\":{\"@id\":\"https:\\\/\\\/www.ipessp.edu.br\\\/site\\\/#website\"},\"datePublished\":\"2016-03-24T17:42:52+00:00\",\"dateModified\":\"2026-01-22T13:08:09+00:00\",\"description\":\"O IPESSP disponibiliza v\u00e1rios canais de atendimento, escolha o melhor e entre em contato para tirar d\u00favidas por telefone, email ou presencial\",\"breadcrumb\":{\"@id\":\"https:\\\/\\\/ipessp.edu.br\\\/site\\\/atendimento\\\/#breadcrumb\"},\"inLanguage\":\"pt-BR\",\"potentialAction\":[{\"@type\":\"ReadAction\",\"target\":[\"https:\\\/\\\/ipessp.edu.br\\\/site\\\/atendimento\\\/\"]}]},{\"@type\":\"BreadcrumbList\",\"@id\":\"https:\\\/\\\/ipessp.edu.br\\\/site\\\/atendimento\\\/#breadcrumb\",\"itemListElement\":[{\"@type\":\"ListItem\",\"position\":1,\"name\":\"In\u00edcio\",\"item\":\"https:\\\/\\\/www.ipessp.edu.br\\\/site\\\/\"},{\"@type\":\"ListItem\",\"position\":2,\"name\":\"Central de Atendimento ao Aluno\"}]},{\"@type\":\"WebSite\",\"@id\":\"https:\\\/\\\/www.ipessp.edu.br\\\/site\\\/#website\",\"url\":\"https:\\\/\\\/www.ipessp.edu.br\\\/site\\\/\",\"name\":\"IPESSP\",\"description\":\"Instituto de Pesquisa e Educa\u00e7\u00e3o em Sa\u00fade de S\u00e3o Paulo\",\"publisher\":{\"@id\":\"https:\\\/\\\/www.ipessp.edu.br\\\/site\\\/#organization\"},\"potentialAction\":[{\"@type\":\"SearchAction\",\"target\":{\"@type\":\"EntryPoint\",\"urlTemplate\":\"https:\\\/\\\/www.ipessp.edu.br\\\/site\\\/?s={search_term_string}\"},\"query-input\":{\"@type\":\"PropertyValueSpecification\",\"valueRequired\":true,\"valueName\":\"search_term_string\"}}],\"inLanguage\":\"pt-BR\"},{\"@type\":\"Organization\",\"@id\":\"https:\\\/\\\/www.ipessp.edu.br\\\/site\\\/#organization\",\"name\":\"IPESSP\",\"url\":\"https:\\\/\\\/www.ipessp.edu.br\\\/site\\\/\",\"logo\":{\"@type\":\"ImageObject\",\"inLanguage\":\"pt-BR\",\"@id\":\"https:\\\/\\\/www.ipessp.edu.br\\\/site\\\/#\\\/schema\\\/logo\\\/image\\\/\",\"url\":\"https:\\\/\\\/www.ipessp.edu.br\\\/site\\\/wp-content\\\/uploads\\\/2016\\\/10\\\/logotipo.png\",\"contentUrl\":\"https:\\\/\\\/www.ipessp.edu.br\\\/site\\\/wp-content\\\/uploads\\\/2016\\\/10\\\/logotipo.png\",\"width\":900,\"height\":462,\"caption\":\"IPESSP\"},\"image\":{\"@id\":\"https:\\\/\\\/www.ipessp.edu.br\\\/site\\\/#\\\/schema\\\/logo\\\/image\\\/\"},\"sameAs\":[\"https:\\\/\\\/www.facebook.com\\\/ipesspedu\\\/?ref=pages_you_manage\",\"https:\\\/\\\/x.com\\\/ipessp\",\"https:\\\/\\\/www.instagram.com\\\/ipessp\\\/\",\"https:\\\/\\\/www.linkedin.com\\\/feed\\\/\",\"https:\\\/\\\/www.youtube.com\\\/watch?v=mlwRSWmfisw&amp;t=93s\"]}]}<\/script>\n<!-- \/ Yoast SEO plugin. -->","yoast_head_json":{"title":"Central de Atendimento ao Aluno - IPESSP","description":"O IPESSP disponibiliza v\u00e1rios canais de atendimento, escolha o melhor e entre em contato para tirar d\u00favidas por telefone, email ou presencial","robots":{"index":"index","follow":"follow","max-snippet":"max-snippet:-1","max-image-preview":"max-image-preview:large","max-video-preview":"max-video-preview:-1"},"canonical":"https:\/\/ipessp.edu.br\/site\/atendimento\/","og_locale":"pt_BR","og_type":"article","og_title":"Central de Atendimento ao Aluno - IPESSP","og_description":"O IPESSP disponibiliza v\u00e1rios canais de atendimento, escolha o melhor e entre em contato para tirar d\u00favidas por telefone, email ou presencial","og_url":"https:\/\/ipessp.edu.br\/site\/atendimento\/","og_site_name":"IPESSP","article_publisher":"https:\/\/www.facebook.com\/ipesspedu\/?ref=pages_you_manage","article_modified_time":"2026-01-22T13:08:09+00:00","twitter_card":"summary_large_image","twitter_site":"@ipessp","twitter_misc":{"Est. tempo de leitura":"1 minuto"},"schema":{"@context":"https:\/\/schema.org","@graph":[{"@type":"WebPage","@id":"https:\/\/ipessp.edu.br\/site\/atendimento\/","url":"https:\/\/ipessp.edu.br\/site\/atendimento\/","name":"Central de Atendimento ao Aluno - IPESSP","isPartOf":{"@id":"https:\/\/www.ipessp.edu.br\/site\/#website"},"datePublished":"2016-03-24T17:42:52+00:00","dateModified":"2026-01-22T13:08:09+00:00","description":"O IPESSP disponibiliza v\u00e1rios canais de atendimento, escolha o melhor e entre em contato para tirar d\u00favidas por telefone, email ou presencial","breadcrumb":{"@id":"https:\/\/ipessp.edu.br\/site\/atendimento\/#breadcrumb"},"inLanguage":"pt-BR","potentialAction":[{"@type":"ReadAction","target":["https:\/\/ipessp.edu.br\/site\/atendimento\/"]}]},{"@type":"BreadcrumbList","@id":"https:\/\/ipessp.edu.br\/site\/atendimento\/#breadcrumb","itemListElement":[{"@type":"ListItem","position":1,"name":"In\u00edcio","item":"https:\/\/www.ipessp.edu.br\/site\/"},{"@type":"ListItem","position":2,"name":"Central de Atendimento ao Aluno"}]},{"@type":"WebSite","@id":"https:\/\/www.ipessp.edu.br\/site\/#website","url":"https:\/\/www.ipessp.edu.br\/site\/","name":"IPESSP","description":"Instituto de Pesquisa e Educa\u00e7\u00e3o em Sa\u00fade de S\u00e3o Paulo","publisher":{"@id":"https:\/\/www.ipessp.edu.br\/site\/#organization"},"potentialAction":[{"@type":"SearchAction","target":{"@type":"EntryPoint","urlTemplate":"https:\/\/www.ipessp.edu.br\/site\/?s={search_term_string}"},"query-input":{"@type":"PropertyValueSpecification","valueRequired":true,"valueName":"search_term_string"}}],"inLanguage":"pt-BR"},{"@type":"Organization","@id":"https:\/\/www.ipessp.edu.br\/site\/#organization","name":"IPESSP","url":"https:\/\/www.ipessp.edu.br\/site\/","logo":{"@type":"ImageObject","inLanguage":"pt-BR","@id":"https:\/\/www.ipessp.edu.br\/site\/#\/schema\/logo\/image\/","url":"https:\/\/www.ipessp.edu.br\/site\/wp-content\/uploads\/2016\/10\/logotipo.png","contentUrl":"https:\/\/www.ipessp.edu.br\/site\/wp-content\/uploads\/2016\/10\/logotipo.png","width":900,"height":462,"caption":"IPESSP"},"image":{"@id":"https:\/\/www.ipessp.edu.br\/site\/#\/schema\/logo\/image\/"},"sameAs":["https:\/\/www.facebook.com\/ipesspedu\/?ref=pages_you_manage","https:\/\/x.com\/ipessp","https:\/\/www.instagram.com\/ipessp\/","https:\/\/www.linkedin.com\/feed\/","https:\/\/www.youtube.com\/watch?v=mlwRSWmfisw&amp;t=93s"]}]}},"_links":{"self":[{"href":"https:\/\/www.ipessp.edu.br\/site\/wp-json\/wp\/v2\/pages\/12","targetHints":{"allow":["GET"]}}],"collection":[{"href":"https:\/\/www.ipessp.edu.br\/site\/wp-json\/wp\/v2\/pages"}],"about":[{"href":"https:\/\/www.ipessp.edu.br\/site\/wp-json\/wp\/v2\/types\/page"}],"author":[{"embeddable":true,"href":"https:\/\/www.ipessp.edu.br\/site\/wp-json\/wp\/v2\/users\/3"}],"replies":[{"embeddable":true,"href":"https:\/\/www.ipessp.edu.br\/site\/wp-json\/wp\/v2\/comments?post=12"}],"version-history":[{"count":14,"href":"https:\/\/www.ipessp.edu.br\/site\/wp-json\/wp\/v2\/pages\/12\/revisions"}],"predecessor-version":[{"id":63774,"href":"https:\/\/www.ipessp.edu.br\/site\/wp-json\/wp\/v2\/pages\/12\/revisions\/63774"}],"wp:attachment":[{"href":"https:\/\/www.ipessp.edu.br\/site\/wp-json\/wp\/v2\/media?parent=12"}],"curies":[{"name":"wp","href":"https:\/\/api.w.org\/{rel}","templated":true}]}}