{"id":127,"date":"2016-10-18T16:22:20","date_gmt":"2016-10-18T18:22:20","guid":{"rendered":"http:\/\/localhost\/ipessp\/site\/?page_id=127"},"modified":"2024-08-28T10:51:29","modified_gmt":"2024-08-28T13:51:29","slug":"nossa-historia","status":"publish","type":"page","link":"https:\/\/www.ipessp.edu.br\/site\/nossa-historia\/","title":{"rendered":"Nossa Hist\u00f3ria"},"content":{"rendered":"\n<p><span style=\"color: #333333;\">O <strong>Instituto de Pesquisa e Educa\u00e7\u00e3o em Sa\u00fade de S\u00e3o Paulo<\/strong> (IPESSP) foi fundado no ano de 2000 por um grupo de profissionais da sa\u00fade liderados por dois m\u00e9dicos e uma biologista com experi\u00eancia em hematologia em grandes laborat\u00f3rios.<\/span><\/p>\n\n\n\n<p><span style=\"color: #333333;\">\u00a0A decis\u00e3o de criar um instituto para <strong>atualizar profissionais da sa\u00fade<\/strong> foi tomada frente \u00e0s poucas op\u00e7\u00f5es de ofertas de cursos na cidade de S\u00e3o Paulo.<\/span><\/p>\n\n\n\n<p><span style=\"color: #333333;\">A grande parte dos profissionais contratados em in\u00edcio de carreira para atuar na \u00e1rea de diagn\u00f3stico carecia de conhecimentos te\u00f3ricos pr\u00e1ticos b\u00e1sicos, o que representava baixo desempenho diante dos casos de maior complexidade.<\/span><\/p>\n\n\n\n<p><span style=\"color: #333333;\">Pela r\u00e1pida evolu\u00e7\u00e3o de novos m\u00e9todos, equipamentos diagn\u00f3sticos na medicina, havia a necessidade da atualiza\u00e7\u00e3o dos profissionais que saem da gradua\u00e7\u00e3o para se colocar no mercado de trabalho.<\/span><\/p>\n\n\n\n<p><span style=\"color: #333333;\">Verificou-se tamb\u00e9m a necessidade de preparar os profissionais para concursos p\u00fablicos na \u00e1rea da sa\u00fade e para o desenvolvimento de pesquisa cient\u00edfica visto que a marca principal da escola \u00e9 o seu car\u00e1ter inovador.<\/span><\/p>\n\n\n\n<p><span style=\"color: #333333;\">A primeira medida foi ofertar cursos ligados ao diagn\u00f3stico cl\u00ednico e laboratorial, a partir da sele\u00e7\u00e3o de um corpo docente qualificado, n\u00e3o apenas pela academia, mas pela experi\u00eancia pr\u00e1tica no mercado de trabalho e na atividade pedag\u00f3gica.<\/span><\/p>\n\n\n\n<p><span style=\"color: #333333;\">Em seguida, a prioridade foi escolher a sede do instituto, em local de f\u00e1cil acesso, com laborat\u00f3rios equipados para a realiza\u00e7\u00e3o de exames diagn\u00f3sticos durante as aulas pr\u00e1ticas.<\/span><\/p>\n\n\n\n<p><span style=\"color: #333333;\">A etapa seguinte foi iniciar os processos de reconhecimento dos cursos junto ao MEC. Assim nasceu o IPESSP.<\/span>\u00a0<\/p>\n\n\n\n<div style=\"height:32px\" aria-hidden=\"true\" class=\"wp-block-spacer\"><\/div>\n\n\n\n<div class=\"row d-flex align-items-center\">\n<div class=\"col=12 col-md-4\">\n<img decoding=\"async\" src=\"https:\/\/www.ipessp.edu.br\/site\/wp-content\/uploads\/2020\/07\/fachada-IPESSP.jpeg\" class=\"img-fluid\" alt=\"Fachada do pr\u00e9dio da IPESSP\" \/>\n<\/div>\n\n<div class=\"col-12 col-md\">\n<h3>Fachada da nova sede, localizada no Bairro Consola\u00e7\u00e3o, regi\u00e3o central de S\u00e3o Paulo<\/h3>\n<p>Em 22 anos de exist\u00eancia, o IPESSP j\u00e1 especializou mais de cinco mil profissionais da sa\u00fade. Agora com uma nova sede com uma \u00e1rea de 4.000 m\u00b2, com dois anfiteatros, 10 salas de aula, cinco laborat\u00f3rios, uma biblioteca, recep\u00e7\u00e3o, cantina, secretaria, diretorias pedag\u00f3gica, administrativa e financeira.<\/p>\n<p>Oferece 54 cursos em Lato Sensu, Capacita\u00e7\u00e3o e Atualiza\u00e7\u00e3o.<\/p>\n<\/div>\n<\/div>\n\n\n\n<div style=\"height:32px\" aria-hidden=\"true\" class=\"wp-block-spacer\"><\/div>\n\n\n\n<h3 class=\"wp-block-heading\"><span style=\"color: #800000;\"><strong><span style=\"text-decoration: underline;\">Linha do Tempo<\/span><\/strong><\/span><\/h3>\n\n\n\n<ul class=\"wp-block-list\">\n<li>2000 \u2013 In\u00edcio das turmas em hot\u00e9is de SP aos finais de semana<\/li>\n\n\n\n<li>2002 \u2013 Aprova\u00e7\u00e3o no Programa Sebrae &#8211; Brasil Empreendedor<\/li>\n\n\n\n<li>2003 \u2013 Inaugura\u00e7\u00e3o da sede nos Jardins2004 \u2013 In\u00edcio dos Programas de PG em Hematologia\/Biologia Molecular\/Citologia<\/li>\n\n\n\n<li>2005 \u2013 Parceria de certifica\u00e7\u00e3o com a UNICID2008 \u2013 Reconhecimento do MEC para P\u00f3s-gradua\u00e7\u00e3o<\/li>\n\n\n\n<li>2008 \u2013 In\u00edcio do Programa de PG em Farm\u00e1cia2010 \u2013 In\u00edcio dos cursos In Company em Gest\u00e3o Hospitalar<\/li>\n\n\n\n<li>2013 &#8211; Torna-se Polo da Metodista em EAD<\/li>\n\n\n\n<li>2015 \u2013 In\u00edcio do credenciamento do MEC para Gradua\u00e7\u00e3o<\/li>\n\n\n\n<li>2015 \u2013 Primeira turma de Circula\u00e7\u00e3o Extracorp\u00f3rea<\/li>\n\n\n\n<li>2016 \u2013 Alcan\u00e7a a marca de 5 mil especialistas formados<\/li>\n\n\n\n<li>2017 \u2013 In\u00edcio do Projeto de Expans\u00e3o: Polo em SJC<\/li>\n\n\n\n<li>2018 \u2013 Mudan\u00e7a para a nova sede na Consola\u00e7\u00e3o.<\/li>\n<\/ul>\n\n\n\n<h3 class=\"wp-block-heading\"><span style=\"color: #800000;\"><strong><span style=\"text-decoration: underline;\">Fundadores e S\u00f3cios<\/span><\/strong><\/span><\/h3>\n\n\n\n<ul class=\"wp-block-list\">\n<li><span style=\"color: #000000;\"><strong>Nilva Aparecida Oliveira:<\/strong> \u00e9 a atual respons\u00e1vel pelo IPESSP. Biologista, com experi\u00eancia em grandes laborat\u00f3rios de An\u00e1lises Cl\u00ednicas e em Administra\u00e7\u00e3o Educacional. Mestre em Educa\u00e7\u00e3o nas Profiss\u00f5es da Sa\u00fade pela PUC.<\/span><\/li>\n\n\n\n<li><span style=\"color: #000000;\"><strong>Jos\u00e9 L\u00facio Martins Machado:<\/strong> m\u00e9dico, professor universit\u00e1rio, com Doutorado em Cirurgia Geral. Ex-coordenador do curso de medicina da UNESP-Botucatu. Ex-diretor das Faculdades de Medicina da UNAERP, UNICID-SP e da Universidade Municipal de S\u00e3o Caetano.<\/span><\/li>\n\n\n\n<li><span style=\"color: #000000;\"><strong>Juliana Pereira:<\/strong> m\u00e9dica com Doutorado em Hematologia pela USP. Atualmente \u00e9 docente da disciplina de Hematologia e Hemoterapia do Departamento de Cl\u00ednica M\u00e9dica da FM-USP e coordenadora m\u00e9dica de Hematologia do Instituto do C\u00e2ncer do Estado de S\u00e3o Paulo.<\/span><\/li>\n<\/ul>\n","protected":false},"excerpt":{"rendered":"<p>O Instituto de Pesquisa e Educa\u00e7\u00e3o em Sa\u00fade de S\u00e3o Paulo (IPESSP) foi fundado no ano de 2000 por um grupo de profissionais da sa\u00fade liderados por dois m\u00e9dicos e uma biologista com experi\u00eancia em hematologia em grandes laborat\u00f3rios. \u00a0A decis\u00e3o de criar um instituto para atualizar profissionais da sa\u00fade foi tomada frente \u00e0s poucas &hellip; <a href=\"https:\/\/www.ipessp.edu.br\/site\/nossa-historia\/\">Continua<\/a><\/p>\n","protected":false},"author":3,"featured_media":24599,"parent":0,"menu_order":0,"comment_status":"closed","ping_status":"closed","template":"page-nossa-historia.php","meta":{"footnotes":""},"class_list":["post-127","page","type-page","status-publish","has-post-thumbnail","hentry"],"acf":[],"yoast_head":"<!-- This site is optimized with the Yoast SEO plugin v27.3 - https:\/\/yoast.com\/product\/yoast-seo-wordpress\/ -->\n<title>Nossa Hist\u00f3ria - IPESSP<\/title>\n<meta name=\"description\" content=\"Fundado em 2000, o IPESSP toma forma ap\u00f3s o planejamento e o agrupamento de um conjunto de ideias de profissionais da \u00e1rea de sa\u00fade de larga experi\u00eancia.\" \/>\n<meta name=\"robots\" content=\"index, follow, max-snippet:-1, max-image-preview:large, max-video-preview:-1\" \/>\n<link rel=\"canonical\" href=\"https:\/\/ipessp.edu.br\/site\/nossa-historia\/\" \/>\n<meta property=\"og:locale\" content=\"pt_BR\" \/>\n<meta property=\"og:type\" content=\"article\" \/>\n<meta property=\"og:title\" content=\"Nossa Hist\u00f3ria - IPESSP\" \/>\n<meta property=\"og:description\" content=\"Fundado em 2000, o IPESSP toma forma ap\u00f3s o planejamento e o agrupamento de um conjunto de ideias de profissionais da \u00e1rea de sa\u00fade de larga experi\u00eancia.\" \/>\n<meta property=\"og:url\" content=\"https:\/\/ipessp.edu.br\/site\/nossa-historia\/\" \/>\n<meta property=\"og:site_name\" content=\"IPESSP\" \/>\n<meta property=\"article:publisher\" content=\"https:\/\/www.facebook.com\/ipesspedu\/?ref=pages_you_manage\" \/>\n<meta property=\"article:modified_time\" content=\"2024-08-28T13:51:29+00:00\" \/>\n<meta property=\"og:image\" content=\"https:\/\/ipessp.edu.br\/site\/wp-content\/uploads\/2020\/07\/fachada-IPESSP.jpeg\" \/>\n\t<meta property=\"og:image:width\" content=\"774\" \/>\n\t<meta property=\"og:image:height\" content=\"801\" \/>\n\t<meta property=\"og:image:type\" content=\"image\/jpeg\" \/>\n<meta name=\"twitter:card\" content=\"summary_large_image\" \/>\n<meta name=\"twitter:site\" content=\"@ipessp\" \/>\n<meta name=\"twitter:label1\" content=\"Est. tempo de leitura\" \/>\n\t<meta name=\"twitter:data1\" content=\"4 minutos\" \/>\n<script type=\"application\/ld+json\" class=\"yoast-schema-graph\">{\"@context\":\"https:\\\/\\\/schema.org\",\"@graph\":[{\"@type\":\"WebPage\",\"@id\":\"https:\\\/\\\/ipessp.edu.br\\\/site\\\/nossa-historia\\\/\",\"url\":\"https:\\\/\\\/ipessp.edu.br\\\/site\\\/nossa-historia\\\/\",\"name\":\"Nossa Hist\u00f3ria - IPESSP\",\"isPartOf\":{\"@id\":\"https:\\\/\\\/www.ipessp.edu.br\\\/site\\\/#website\"},\"primaryImageOfPage\":{\"@id\":\"https:\\\/\\\/ipessp.edu.br\\\/site\\\/nossa-historia\\\/#primaryimage\"},\"image\":{\"@id\":\"https:\\\/\\\/ipessp.edu.br\\\/site\\\/nossa-historia\\\/#primaryimage\"},\"thumbnailUrl\":\"https:\\\/\\\/www.ipessp.edu.br\\\/site\\\/wp-content\\\/uploads\\\/2020\\\/07\\\/fachada-IPESSP.jpeg\",\"datePublished\":\"2016-10-18T18:22:20+00:00\",\"dateModified\":\"2024-08-28T13:51:29+00:00\",\"description\":\"Fundado em 2000, o IPESSP toma forma ap\u00f3s o planejamento e o agrupamento de um conjunto de ideias de profissionais da \u00e1rea de sa\u00fade de larga experi\u00eancia.\",\"breadcrumb\":{\"@id\":\"https:\\\/\\\/ipessp.edu.br\\\/site\\\/nossa-historia\\\/#breadcrumb\"},\"inLanguage\":\"pt-BR\",\"potentialAction\":[{\"@type\":\"ReadAction\",\"target\":[\"https:\\\/\\\/ipessp.edu.br\\\/site\\\/nossa-historia\\\/\"]}]},{\"@type\":\"ImageObject\",\"inLanguage\":\"pt-BR\",\"@id\":\"https:\\\/\\\/ipessp.edu.br\\\/site\\\/nossa-historia\\\/#primaryimage\",\"url\":\"https:\\\/\\\/www.ipessp.edu.br\\\/site\\\/wp-content\\\/uploads\\\/2020\\\/07\\\/fachada-IPESSP.jpeg\",\"contentUrl\":\"https:\\\/\\\/www.ipessp.edu.br\\\/site\\\/wp-content\\\/uploads\\\/2020\\\/07\\\/fachada-IPESSP.jpeg\",\"width\":774,\"height\":801},{\"@type\":\"BreadcrumbList\",\"@id\":\"https:\\\/\\\/ipessp.edu.br\\\/site\\\/nossa-historia\\\/#breadcrumb\",\"itemListElement\":[{\"@type\":\"ListItem\",\"position\":1,\"name\":\"In\u00edcio\",\"item\":\"https:\\\/\\\/www.ipessp.edu.br\\\/site\\\/\"},{\"@type\":\"ListItem\",\"position\":2,\"name\":\"Nossa Hist\u00f3ria\"}]},{\"@type\":\"WebSite\",\"@id\":\"https:\\\/\\\/www.ipessp.edu.br\\\/site\\\/#website\",\"url\":\"https:\\\/\\\/www.ipessp.edu.br\\\/site\\\/\",\"name\":\"IPESSP\",\"description\":\"Instituto de Pesquisa e Educa\u00e7\u00e3o em Sa\u00fade de S\u00e3o Paulo\",\"publisher\":{\"@id\":\"https:\\\/\\\/www.ipessp.edu.br\\\/site\\\/#organization\"},\"potentialAction\":[{\"@type\":\"SearchAction\",\"target\":{\"@type\":\"EntryPoint\",\"urlTemplate\":\"https:\\\/\\\/www.ipessp.edu.br\\\/site\\\/?s={search_term_string}\"},\"query-input\":{\"@type\":\"PropertyValueSpecification\",\"valueRequired\":true,\"valueName\":\"search_term_string\"}}],\"inLanguage\":\"pt-BR\"},{\"@type\":\"Organization\",\"@id\":\"https:\\\/\\\/www.ipessp.edu.br\\\/site\\\/#organization\",\"name\":\"IPESSP\",\"url\":\"https:\\\/\\\/www.ipessp.edu.br\\\/site\\\/\",\"logo\":{\"@type\":\"ImageObject\",\"inLanguage\":\"pt-BR\",\"@id\":\"https:\\\/\\\/www.ipessp.edu.br\\\/site\\\/#\\\/schema\\\/logo\\\/image\\\/\",\"url\":\"https:\\\/\\\/www.ipessp.edu.br\\\/site\\\/wp-content\\\/uploads\\\/2016\\\/10\\\/logotipo.png\",\"contentUrl\":\"https:\\\/\\\/www.ipessp.edu.br\\\/site\\\/wp-content\\\/uploads\\\/2016\\\/10\\\/logotipo.png\",\"width\":900,\"height\":462,\"caption\":\"IPESSP\"},\"image\":{\"@id\":\"https:\\\/\\\/www.ipessp.edu.br\\\/site\\\/#\\\/schema\\\/logo\\\/image\\\/\"},\"sameAs\":[\"https:\\\/\\\/www.facebook.com\\\/ipesspedu\\\/?ref=pages_you_manage\",\"https:\\\/\\\/x.com\\\/ipessp\",\"https:\\\/\\\/www.instagram.com\\\/ipessp\\\/\",\"https:\\\/\\\/www.linkedin.com\\\/feed\\\/\",\"https:\\\/\\\/www.youtube.com\\\/watch?v=mlwRSWmfisw&amp;t=93s\"]}]}<\/script>\n<!-- \/ Yoast SEO plugin. -->","yoast_head_json":{"title":"Nossa Hist\u00f3ria - IPESSP","description":"Fundado em 2000, o IPESSP toma forma ap\u00f3s o planejamento e o agrupamento de um conjunto de ideias de profissionais da \u00e1rea de sa\u00fade de larga experi\u00eancia.","robots":{"index":"index","follow":"follow","max-snippet":"max-snippet:-1","max-image-preview":"max-image-preview:large","max-video-preview":"max-video-preview:-1"},"canonical":"https:\/\/ipessp.edu.br\/site\/nossa-historia\/","og_locale":"pt_BR","og_type":"article","og_title":"Nossa Hist\u00f3ria - IPESSP","og_description":"Fundado em 2000, o IPESSP toma forma ap\u00f3s o planejamento e o agrupamento de um conjunto de ideias de profissionais da \u00e1rea de sa\u00fade de larga experi\u00eancia.","og_url":"https:\/\/ipessp.edu.br\/site\/nossa-historia\/","og_site_name":"IPESSP","article_publisher":"https:\/\/www.facebook.com\/ipesspedu\/?ref=pages_you_manage","article_modified_time":"2024-08-28T13:51:29+00:00","og_image":[{"width":774,"height":801,"url":"https:\/\/ipessp.edu.br\/site\/wp-content\/uploads\/2020\/07\/fachada-IPESSP.jpeg","type":"image\/jpeg"}],"twitter_card":"summary_large_image","twitter_site":"@ipessp","twitter_misc":{"Est. tempo de leitura":"4 minutos"},"schema":{"@context":"https:\/\/schema.org","@graph":[{"@type":"WebPage","@id":"https:\/\/ipessp.edu.br\/site\/nossa-historia\/","url":"https:\/\/ipessp.edu.br\/site\/nossa-historia\/","name":"Nossa Hist\u00f3ria - IPESSP","isPartOf":{"@id":"https:\/\/www.ipessp.edu.br\/site\/#website"},"primaryImageOfPage":{"@id":"https:\/\/ipessp.edu.br\/site\/nossa-historia\/#primaryimage"},"image":{"@id":"https:\/\/ipessp.edu.br\/site\/nossa-historia\/#primaryimage"},"thumbnailUrl":"https:\/\/www.ipessp.edu.br\/site\/wp-content\/uploads\/2020\/07\/fachada-IPESSP.jpeg","datePublished":"2016-10-18T18:22:20+00:00","dateModified":"2024-08-28T13:51:29+00:00","description":"Fundado em 2000, o IPESSP toma forma ap\u00f3s o planejamento e o agrupamento de um conjunto de ideias de profissionais da \u00e1rea de sa\u00fade de larga experi\u00eancia.","breadcrumb":{"@id":"https:\/\/ipessp.edu.br\/site\/nossa-historia\/#breadcrumb"},"inLanguage":"pt-BR","potentialAction":[{"@type":"ReadAction","target":["https:\/\/ipessp.edu.br\/site\/nossa-historia\/"]}]},{"@type":"ImageObject","inLanguage":"pt-BR","@id":"https:\/\/ipessp.edu.br\/site\/nossa-historia\/#primaryimage","url":"https:\/\/www.ipessp.edu.br\/site\/wp-content\/uploads\/2020\/07\/fachada-IPESSP.jpeg","contentUrl":"https:\/\/www.ipessp.edu.br\/site\/wp-content\/uploads\/2020\/07\/fachada-IPESSP.jpeg","width":774,"height":801},{"@type":"BreadcrumbList","@id":"https:\/\/ipessp.edu.br\/site\/nossa-historia\/#breadcrumb","itemListElement":[{"@type":"ListItem","position":1,"name":"In\u00edcio","item":"https:\/\/www.ipessp.edu.br\/site\/"},{"@type":"ListItem","position":2,"name":"Nossa Hist\u00f3ria"}]},{"@type":"WebSite","@id":"https:\/\/www.ipessp.edu.br\/site\/#website","url":"https:\/\/www.ipessp.edu.br\/site\/","name":"IPESSP","description":"Instituto de Pesquisa e Educa\u00e7\u00e3o em Sa\u00fade de S\u00e3o Paulo","publisher":{"@id":"https:\/\/www.ipessp.edu.br\/site\/#organization"},"potentialAction":[{"@type":"SearchAction","target":{"@type":"EntryPoint","urlTemplate":"https:\/\/www.ipessp.edu.br\/site\/?s={search_term_string}"},"query-input":{"@type":"PropertyValueSpecification","valueRequired":true,"valueName":"search_term_string"}}],"inLanguage":"pt-BR"},{"@type":"Organization","@id":"https:\/\/www.ipessp.edu.br\/site\/#organization","name":"IPESSP","url":"https:\/\/www.ipessp.edu.br\/site\/","logo":{"@type":"ImageObject","inLanguage":"pt-BR","@id":"https:\/\/www.ipessp.edu.br\/site\/#\/schema\/logo\/image\/","url":"https:\/\/www.ipessp.edu.br\/site\/wp-content\/uploads\/2016\/10\/logotipo.png","contentUrl":"https:\/\/www.ipessp.edu.br\/site\/wp-content\/uploads\/2016\/10\/logotipo.png","width":900,"height":462,"caption":"IPESSP"},"image":{"@id":"https:\/\/www.ipessp.edu.br\/site\/#\/schema\/logo\/image\/"},"sameAs":["https:\/\/www.facebook.com\/ipesspedu\/?ref=pages_you_manage","https:\/\/x.com\/ipessp","https:\/\/www.instagram.com\/ipessp\/","https:\/\/www.linkedin.com\/feed\/","https:\/\/www.youtube.com\/watch?v=mlwRSWmfisw&amp;t=93s"]}]}},"_links":{"self":[{"href":"https:\/\/www.ipessp.edu.br\/site\/wp-json\/wp\/v2\/pages\/127","targetHints":{"allow":["GET"]}}],"collection":[{"href":"https:\/\/www.ipessp.edu.br\/site\/wp-json\/wp\/v2\/pages"}],"about":[{"href":"https:\/\/www.ipessp.edu.br\/site\/wp-json\/wp\/v2\/types\/page"}],"author":[{"embeddable":true,"href":"https:\/\/www.ipessp.edu.br\/site\/wp-json\/wp\/v2\/users\/3"}],"replies":[{"embeddable":true,"href":"https:\/\/www.ipessp.edu.br\/site\/wp-json\/wp\/v2\/comments?post=127"}],"version-history":[{"count":44,"href":"https:\/\/www.ipessp.edu.br\/site\/wp-json\/wp\/v2\/pages\/127\/revisions"}],"predecessor-version":[{"id":61478,"href":"https:\/\/www.ipessp.edu.br\/site\/wp-json\/wp\/v2\/pages\/127\/revisions\/61478"}],"wp:featuredmedia":[{"embeddable":true,"href":"https:\/\/www.ipessp.edu.br\/site\/wp-json\/wp\/v2\/media\/24599"}],"wp:attachment":[{"href":"https:\/\/www.ipessp.edu.br\/site\/wp-json\/wp\/v2\/media?parent=127"}],"curies":[{"name":"wp","href":"https:\/\/api.w.org\/{rel}","templated":true}]}}