{"id":37529,"date":"2021-06-25T16:17:04","date_gmt":"2021-06-25T19:17:04","guid":{"rendered":"https:\/\/www.ipessp.edu.br\/site\/?page_id=37529"},"modified":"2025-08-29T11:21:49","modified_gmt":"2025-08-29T14:21:49","slug":"ouvidoria-institucional","status":"publish","type":"page","link":"https:\/\/www.ipessp.edu.br\/site\/institucional\/ouvidoria-institucional\/","title":{"rendered":"Ouvidoria &#8211; IPESSP"},"content":{"rendered":"<h4 style=\"text-align: center;\"><strong>\u00a0<\/strong><\/h4>\n<h4 style=\"text-align: left;\"><span style=\"color: #800000;\"><strong>OUVIDORIA<\/strong><\/span><\/h4>\n<h4 style=\"text-align: left;\"><span style=\"color: #800000;\"><strong>FACULDADE IPESSP<\/strong><strong>\u00a0<\/strong><\/span><\/h4>\n<p style=\"text-align: left;\">A <span style=\"color: #800000;\"><strong>Ouvidoria da Faculdade IPESSP<\/strong>,<\/span> representada por um ouvidor, \u00e9 o \u00f3rg\u00e3o de otimiza\u00e7\u00e3o da comunica\u00e7\u00e3o e aperfei\u00e7oamento dos padr\u00f5es e mecanismos de transpar\u00eancia, efici\u00eancia, seguran\u00e7a e controle dos servi\u00e7os prestados e tem como objetivos:<\/p>\n<p style=\"text-align: left;\">Exercer a acolhida das demandas de todos os discentes, docentes, colaboradores e comunidade acad\u00eamica que procurarem a Ouvidoria;<\/p>\n<p style=\"text-align: left;\">Receber sugest\u00f5es, reclama\u00e7\u00f5es, questionamentos e elogios oriundos da comunidade em geral;<\/p>\n<p style=\"text-align: left;\">Encaminhar a quest\u00e3o ou sugest\u00e3o apresentada para a \u00e1rea competente da <span style=\"color: #800000;\"><strong>Faculdade IPESSP<\/strong><\/span>, acompanhando a sua aprecia\u00e7\u00e3o at\u00e9 a solu\u00e7\u00e3o final quando for o caso;<\/p>\n<p style=\"text-align: left;\">Identificar os problemas no atendimento da comunidade universit\u00e1ria em geral e sugerir aos setores competentes solu\u00e7\u00f5es para os problemas apontados;<\/p>\n<p style=\"text-align: left;\">Atuar na solu\u00e7\u00e3o, media\u00e7\u00e3o e preven\u00e7\u00e3o de conflitos no \u00e2mbito da comunidade universit\u00e1ria.<\/p>\n<p style=\"text-align: left;\">No exerc\u00edcio de suas atribui\u00e7\u00f5es, <span style=\"color: #800000;\"><strong>o Ouvidor\u00a0 da Faculdade IPESSP<\/strong><\/span> dever\u00e1:<\/p>\n<p style=\"text-align: left;\">Atuar com autonomia e independ\u00eancia visando ao bom desempenho das suas fun\u00e7\u00f5es;<\/p>\n<p style=\"text-align: left;\">Atuar de forma \u00e9tica, transparente e imparcial;<\/p>\n<p style=\"text-align: left;\">Resguardar o sigilo das informa\u00e7\u00f5es sempre que solicitado, salvo quando a identifica\u00e7\u00e3o dos interessados se mostrar absolutamente imprescind\u00edvel para a solu\u00e7\u00e3o e atendimento das demandas ou solicita\u00e7\u00f5es apresentadas e, ainda, se houver determina\u00e7\u00e3o legal ou judicial para tanto;<\/p>\n<p style=\"text-align: left;\">O Ouvidor\u00a0 da\u00a0 <span style=\"color: #800000;\"><strong>Faculdade IPESSP<\/strong><\/span> poder\u00e1, sempre que se fizer necess\u00e1rio, nos limites de suas fun\u00e7\u00f5es e compet\u00eancias, solicitar informa\u00e7\u00f5es por escrito a qualquer setor da institui\u00e7\u00e3o, sempre dando ci\u00eancia \u00e0 Diretora Geral do solicitado.<\/p>\n<h4 style=\"text-align: left;\"><span style=\"color: #800000;\"><strong>O atendimento da Ouvidoria \u00e9 realizado da seguinte forma:<\/strong><\/span><\/h4>\n<p style=\"text-align: left;\">\u00a0Eletronicamente, valendo-se do e-mail <a href=\"mailto:ouvidoria@ipessp.edu.br\"><strong><u>ouvidoria@ipessp.edu.br<\/u><\/strong><\/a> divulgado no site da Faculdade IPESSP<\/p>\n<p style=\"text-align: left;\">\u00c9 dever do Ouvidor\u00a0 da <span style=\"color: #800000;\"><strong>Faculdade IPESSP<\/strong> <\/span>fornecer aos demandantes dos servi\u00e7os de Ouvidoria uma resposta <u>por escrito \u00e0s indaga\u00e7\u00f5es apresentadas<\/u>, com clareza e objetividade.<strong>\u00a0<\/strong><\/p>\n<p style=\"text-align: left;\">As solicita\u00e7\u00f5es formuladas pela Ouvidoria\u00a0 para os setores da <span style=\"color: #800000;\"><strong>Faculdade IPESSP<\/strong><\/span>, sempre que necess\u00e1rias, dever\u00e3o ser respondidas <u>no prazo m\u00e1ximo de 5 (cinco) dias<\/u>.<\/p>\n<p style=\"text-align: left;\">A Ouvidoria da Faculdade IPESSP n\u00e3o possui poder deliberativo, executivo ou disciplinar.<strong>\u00a0<\/strong><\/p>\n<p style=\"text-align: left;\">A implanta\u00e7\u00e3o da Ouvidoria na<span style=\"color: #800000;\"> <strong>Faculdade IPESSP<\/strong> <\/span>\u00e9 considerada como pe\u00e7a fundamental para as solu\u00e7\u00f5es dos problemas enfrentados, representando uma alternativa para o p\u00fablico interno e externo.<\/p>\n<p>&nbsp;<\/p>\n<p>&nbsp;<\/p>\n<p>&nbsp;<\/p>\n<p style=\"text-align: center;\">\n","protected":false},"excerpt":{"rendered":"<p>\u00a0 OUVIDORIA FACULDADE IPESSP\u00a0 A Ouvidoria da Faculdade IPESSP, representada por um ouvidor, \u00e9 o \u00f3rg\u00e3o de otimiza\u00e7\u00e3o da comunica\u00e7\u00e3o e aperfei\u00e7oamento dos padr\u00f5es e mecanismos de transpar\u00eancia, efici\u00eancia, seguran\u00e7a e controle dos servi\u00e7os prestados e tem como objetivos: Exercer a acolhida das demandas de todos os discentes, docentes, colaboradores e comunidade acad\u00eamica que procurarem &hellip; <a href=\"https:\/\/www.ipessp.edu.br\/site\/institucional\/ouvidoria-institucional\/\">Continua<\/a><\/p>\n","protected":false},"author":4,"featured_media":50084,"parent":37338,"menu_order":0,"comment_status":"closed","ping_status":"closed","template":"","meta":{"footnotes":""},"class_list":["post-37529","page","type-page","status-publish","has-post-thumbnail","hentry"],"acf":[],"yoast_head":"<!-- This site is optimized with the Yoast SEO plugin v27.3 - https:\/\/yoast.com\/product\/yoast-seo-wordpress\/ -->\n<title>Ouvidoria - IPESSP - IPESSP<\/title>\n<meta name=\"robots\" content=\"index, follow, max-snippet:-1, max-image-preview:large, max-video-preview:-1\" \/>\n<link rel=\"canonical\" href=\"https:\/\/www.ipessp.edu.br\/site\/institucional\/ouvidoria-institucional\/\" \/>\n<meta property=\"og:locale\" content=\"pt_BR\" \/>\n<meta property=\"og:type\" content=\"article\" \/>\n<meta property=\"og:title\" content=\"Ouvidoria - IPESSP - IPESSP\" \/>\n<meta property=\"og:description\" content=\"\u00a0 OUVIDORIA FACULDADE IPESSP\u00a0 A Ouvidoria da Faculdade IPESSP, representada por um ouvidor, \u00e9 o \u00f3rg\u00e3o de otimiza\u00e7\u00e3o da comunica\u00e7\u00e3o e aperfei\u00e7oamento dos padr\u00f5es e mecanismos de transpar\u00eancia, efici\u00eancia, seguran\u00e7a e controle dos servi\u00e7os prestados e tem como objetivos: Exercer a acolhida das demandas de todos os discentes, docentes, colaboradores e comunidade acad\u00eamica que procurarem &hellip; Continua\" \/>\n<meta property=\"og:url\" content=\"https:\/\/www.ipessp.edu.br\/site\/institucional\/ouvidoria-institucional\/\" \/>\n<meta property=\"og:site_name\" content=\"IPESSP\" \/>\n<meta property=\"article:publisher\" content=\"https:\/\/www.facebook.com\/ipesspedu\/?ref=pages_you_manage\" \/>\n<meta property=\"article:modified_time\" content=\"2025-08-29T14:21:49+00:00\" \/>\n<meta property=\"og:image\" content=\"https:\/\/www.ipessp.edu.br\/site\/wp-content\/uploads\/2022\/10\/telefone-antigo-vermelho-vintage-tocando_7496-926.webp\" \/>\n\t<meta property=\"og:image:width\" content=\"2000\" \/>\n\t<meta property=\"og:image:height\" content=\"1559\" \/>\n\t<meta property=\"og:image:type\" content=\"image\/webp\" \/>\n<meta name=\"twitter:card\" content=\"summary_large_image\" \/>\n<meta name=\"twitter:site\" content=\"@ipessp\" \/>\n<meta name=\"twitter:label1\" content=\"Est. tempo de leitura\" \/>\n\t<meta name=\"twitter:data1\" content=\"3 minutos\" \/>\n<script type=\"application\/ld+json\" class=\"yoast-schema-graph\">{\"@context\":\"https:\\\/\\\/schema.org\",\"@graph\":[{\"@type\":\"WebPage\",\"@id\":\"https:\\\/\\\/www.ipessp.edu.br\\\/site\\\/institucional\\\/ouvidoria-institucional\\\/\",\"url\":\"https:\\\/\\\/www.ipessp.edu.br\\\/site\\\/institucional\\\/ouvidoria-institucional\\\/\",\"name\":\"Ouvidoria - IPESSP - IPESSP\",\"isPartOf\":{\"@id\":\"https:\\\/\\\/www.ipessp.edu.br\\\/site\\\/#website\"},\"primaryImageOfPage\":{\"@id\":\"https:\\\/\\\/www.ipessp.edu.br\\\/site\\\/institucional\\\/ouvidoria-institucional\\\/#primaryimage\"},\"image\":{\"@id\":\"https:\\\/\\\/www.ipessp.edu.br\\\/site\\\/institucional\\\/ouvidoria-institucional\\\/#primaryimage\"},\"thumbnailUrl\":\"https:\\\/\\\/www.ipessp.edu.br\\\/site\\\/wp-content\\\/uploads\\\/2022\\\/10\\\/telefone-antigo-vermelho-vintage-tocando_7496-926.webp\",\"datePublished\":\"2021-06-25T19:17:04+00:00\",\"dateModified\":\"2025-08-29T14:21:49+00:00\",\"breadcrumb\":{\"@id\":\"https:\\\/\\\/www.ipessp.edu.br\\\/site\\\/institucional\\\/ouvidoria-institucional\\\/#breadcrumb\"},\"inLanguage\":\"pt-BR\",\"potentialAction\":[{\"@type\":\"ReadAction\",\"target\":[\"https:\\\/\\\/www.ipessp.edu.br\\\/site\\\/institucional\\\/ouvidoria-institucional\\\/\"]}]},{\"@type\":\"ImageObject\",\"inLanguage\":\"pt-BR\",\"@id\":\"https:\\\/\\\/www.ipessp.edu.br\\\/site\\\/institucional\\\/ouvidoria-institucional\\\/#primaryimage\",\"url\":\"https:\\\/\\\/www.ipessp.edu.br\\\/site\\\/wp-content\\\/uploads\\\/2022\\\/10\\\/telefone-antigo-vermelho-vintage-tocando_7496-926.webp\",\"contentUrl\":\"https:\\\/\\\/www.ipessp.edu.br\\\/site\\\/wp-content\\\/uploads\\\/2022\\\/10\\\/telefone-antigo-vermelho-vintage-tocando_7496-926.webp\",\"width\":2000,\"height\":1559},{\"@type\":\"BreadcrumbList\",\"@id\":\"https:\\\/\\\/www.ipessp.edu.br\\\/site\\\/institucional\\\/ouvidoria-institucional\\\/#breadcrumb\",\"itemListElement\":[{\"@type\":\"ListItem\",\"position\":1,\"name\":\"In\u00edcio\",\"item\":\"https:\\\/\\\/www.ipessp.edu.br\\\/site\\\/\"},{\"@type\":\"ListItem\",\"position\":2,\"name\":\"Institucional\",\"item\":\"https:\\\/\\\/www.ipessp.edu.br\\\/site\\\/institucional\\\/\"},{\"@type\":\"ListItem\",\"position\":3,\"name\":\"Ouvidoria &#8211; IPESSP\"}]},{\"@type\":\"WebSite\",\"@id\":\"https:\\\/\\\/www.ipessp.edu.br\\\/site\\\/#website\",\"url\":\"https:\\\/\\\/www.ipessp.edu.br\\\/site\\\/\",\"name\":\"IPESSP\",\"description\":\"Instituto de Pesquisa e Educa\u00e7\u00e3o em Sa\u00fade de S\u00e3o Paulo\",\"publisher\":{\"@id\":\"https:\\\/\\\/www.ipessp.edu.br\\\/site\\\/#organization\"},\"potentialAction\":[{\"@type\":\"SearchAction\",\"target\":{\"@type\":\"EntryPoint\",\"urlTemplate\":\"https:\\\/\\\/www.ipessp.edu.br\\\/site\\\/?s={search_term_string}\"},\"query-input\":{\"@type\":\"PropertyValueSpecification\",\"valueRequired\":true,\"valueName\":\"search_term_string\"}}],\"inLanguage\":\"pt-BR\"},{\"@type\":\"Organization\",\"@id\":\"https:\\\/\\\/www.ipessp.edu.br\\\/site\\\/#organization\",\"name\":\"IPESSP\",\"url\":\"https:\\\/\\\/www.ipessp.edu.br\\\/site\\\/\",\"logo\":{\"@type\":\"ImageObject\",\"inLanguage\":\"pt-BR\",\"@id\":\"https:\\\/\\\/www.ipessp.edu.br\\\/site\\\/#\\\/schema\\\/logo\\\/image\\\/\",\"url\":\"https:\\\/\\\/www.ipessp.edu.br\\\/site\\\/wp-content\\\/uploads\\\/2016\\\/10\\\/logotipo.png\",\"contentUrl\":\"https:\\\/\\\/www.ipessp.edu.br\\\/site\\\/wp-content\\\/uploads\\\/2016\\\/10\\\/logotipo.png\",\"width\":900,\"height\":462,\"caption\":\"IPESSP\"},\"image\":{\"@id\":\"https:\\\/\\\/www.ipessp.edu.br\\\/site\\\/#\\\/schema\\\/logo\\\/image\\\/\"},\"sameAs\":[\"https:\\\/\\\/www.facebook.com\\\/ipesspedu\\\/?ref=pages_you_manage\",\"https:\\\/\\\/x.com\\\/ipessp\",\"https:\\\/\\\/www.instagram.com\\\/ipessp\\\/\",\"https:\\\/\\\/www.linkedin.com\\\/feed\\\/\",\"https:\\\/\\\/www.youtube.com\\\/watch?v=mlwRSWmfisw&amp;t=93s\"]}]}<\/script>\n<!-- \/ Yoast SEO plugin. -->","yoast_head_json":{"title":"Ouvidoria - IPESSP - IPESSP","robots":{"index":"index","follow":"follow","max-snippet":"max-snippet:-1","max-image-preview":"max-image-preview:large","max-video-preview":"max-video-preview:-1"},"canonical":"https:\/\/www.ipessp.edu.br\/site\/institucional\/ouvidoria-institucional\/","og_locale":"pt_BR","og_type":"article","og_title":"Ouvidoria - IPESSP - IPESSP","og_description":"\u00a0 OUVIDORIA FACULDADE IPESSP\u00a0 A Ouvidoria da Faculdade IPESSP, representada por um ouvidor, \u00e9 o \u00f3rg\u00e3o de otimiza\u00e7\u00e3o da comunica\u00e7\u00e3o e aperfei\u00e7oamento dos padr\u00f5es e mecanismos de transpar\u00eancia, efici\u00eancia, seguran\u00e7a e controle dos servi\u00e7os prestados e tem como objetivos: Exercer a acolhida das demandas de todos os discentes, docentes, colaboradores e comunidade acad\u00eamica que procurarem &hellip; Continua","og_url":"https:\/\/www.ipessp.edu.br\/site\/institucional\/ouvidoria-institucional\/","og_site_name":"IPESSP","article_publisher":"https:\/\/www.facebook.com\/ipesspedu\/?ref=pages_you_manage","article_modified_time":"2025-08-29T14:21:49+00:00","og_image":[{"width":2000,"height":1559,"url":"https:\/\/www.ipessp.edu.br\/site\/wp-content\/uploads\/2022\/10\/telefone-antigo-vermelho-vintage-tocando_7496-926.webp","type":"image\/webp"}],"twitter_card":"summary_large_image","twitter_site":"@ipessp","twitter_misc":{"Est. tempo de leitura":"3 minutos"},"schema":{"@context":"https:\/\/schema.org","@graph":[{"@type":"WebPage","@id":"https:\/\/www.ipessp.edu.br\/site\/institucional\/ouvidoria-institucional\/","url":"https:\/\/www.ipessp.edu.br\/site\/institucional\/ouvidoria-institucional\/","name":"Ouvidoria - IPESSP - IPESSP","isPartOf":{"@id":"https:\/\/www.ipessp.edu.br\/site\/#website"},"primaryImageOfPage":{"@id":"https:\/\/www.ipessp.edu.br\/site\/institucional\/ouvidoria-institucional\/#primaryimage"},"image":{"@id":"https:\/\/www.ipessp.edu.br\/site\/institucional\/ouvidoria-institucional\/#primaryimage"},"thumbnailUrl":"https:\/\/www.ipessp.edu.br\/site\/wp-content\/uploads\/2022\/10\/telefone-antigo-vermelho-vintage-tocando_7496-926.webp","datePublished":"2021-06-25T19:17:04+00:00","dateModified":"2025-08-29T14:21:49+00:00","breadcrumb":{"@id":"https:\/\/www.ipessp.edu.br\/site\/institucional\/ouvidoria-institucional\/#breadcrumb"},"inLanguage":"pt-BR","potentialAction":[{"@type":"ReadAction","target":["https:\/\/www.ipessp.edu.br\/site\/institucional\/ouvidoria-institucional\/"]}]},{"@type":"ImageObject","inLanguage":"pt-BR","@id":"https:\/\/www.ipessp.edu.br\/site\/institucional\/ouvidoria-institucional\/#primaryimage","url":"https:\/\/www.ipessp.edu.br\/site\/wp-content\/uploads\/2022\/10\/telefone-antigo-vermelho-vintage-tocando_7496-926.webp","contentUrl":"https:\/\/www.ipessp.edu.br\/site\/wp-content\/uploads\/2022\/10\/telefone-antigo-vermelho-vintage-tocando_7496-926.webp","width":2000,"height":1559},{"@type":"BreadcrumbList","@id":"https:\/\/www.ipessp.edu.br\/site\/institucional\/ouvidoria-institucional\/#breadcrumb","itemListElement":[{"@type":"ListItem","position":1,"name":"In\u00edcio","item":"https:\/\/www.ipessp.edu.br\/site\/"},{"@type":"ListItem","position":2,"name":"Institucional","item":"https:\/\/www.ipessp.edu.br\/site\/institucional\/"},{"@type":"ListItem","position":3,"name":"Ouvidoria &#8211; IPESSP"}]},{"@type":"WebSite","@id":"https:\/\/www.ipessp.edu.br\/site\/#website","url":"https:\/\/www.ipessp.edu.br\/site\/","name":"IPESSP","description":"Instituto de Pesquisa e Educa\u00e7\u00e3o em Sa\u00fade de S\u00e3o Paulo","publisher":{"@id":"https:\/\/www.ipessp.edu.br\/site\/#organization"},"potentialAction":[{"@type":"SearchAction","target":{"@type":"EntryPoint","urlTemplate":"https:\/\/www.ipessp.edu.br\/site\/?s={search_term_string}"},"query-input":{"@type":"PropertyValueSpecification","valueRequired":true,"valueName":"search_term_string"}}],"inLanguage":"pt-BR"},{"@type":"Organization","@id":"https:\/\/www.ipessp.edu.br\/site\/#organization","name":"IPESSP","url":"https:\/\/www.ipessp.edu.br\/site\/","logo":{"@type":"ImageObject","inLanguage":"pt-BR","@id":"https:\/\/www.ipessp.edu.br\/site\/#\/schema\/logo\/image\/","url":"https:\/\/www.ipessp.edu.br\/site\/wp-content\/uploads\/2016\/10\/logotipo.png","contentUrl":"https:\/\/www.ipessp.edu.br\/site\/wp-content\/uploads\/2016\/10\/logotipo.png","width":900,"height":462,"caption":"IPESSP"},"image":{"@id":"https:\/\/www.ipessp.edu.br\/site\/#\/schema\/logo\/image\/"},"sameAs":["https:\/\/www.facebook.com\/ipesspedu\/?ref=pages_you_manage","https:\/\/x.com\/ipessp","https:\/\/www.instagram.com\/ipessp\/","https:\/\/www.linkedin.com\/feed\/","https:\/\/www.youtube.com\/watch?v=mlwRSWmfisw&amp;t=93s"]}]}},"_links":{"self":[{"href":"https:\/\/www.ipessp.edu.br\/site\/wp-json\/wp\/v2\/pages\/37529","targetHints":{"allow":["GET"]}}],"collection":[{"href":"https:\/\/www.ipessp.edu.br\/site\/wp-json\/wp\/v2\/pages"}],"about":[{"href":"https:\/\/www.ipessp.edu.br\/site\/wp-json\/wp\/v2\/types\/page"}],"author":[{"embeddable":true,"href":"https:\/\/www.ipessp.edu.br\/site\/wp-json\/wp\/v2\/users\/4"}],"replies":[{"embeddable":true,"href":"https:\/\/www.ipessp.edu.br\/site\/wp-json\/wp\/v2\/comments?post=37529"}],"version-history":[{"count":29,"href":"https:\/\/www.ipessp.edu.br\/site\/wp-json\/wp\/v2\/pages\/37529\/revisions"}],"predecessor-version":[{"id":63128,"href":"https:\/\/www.ipessp.edu.br\/site\/wp-json\/wp\/v2\/pages\/37529\/revisions\/63128"}],"up":[{"embeddable":true,"href":"https:\/\/www.ipessp.edu.br\/site\/wp-json\/wp\/v2\/pages\/37338"}],"wp:featuredmedia":[{"embeddable":true,"href":"https:\/\/www.ipessp.edu.br\/site\/wp-json\/wp\/v2\/media\/50084"}],"wp:attachment":[{"href":"https:\/\/www.ipessp.edu.br\/site\/wp-json\/wp\/v2\/media?parent=37529"}],"curies":[{"name":"wp","href":"https:\/\/api.w.org\/{rel}","templated":true}]}}