{"id":37532,"date":"2021-06-25T16:17:24","date_gmt":"2021-06-25T19:17:24","guid":{"rendered":"https:\/\/www.ipessp.edu.br\/site\/?page_id=37532"},"modified":"2025-08-13T19:49:21","modified_gmt":"2025-08-13T22:49:21","slug":"documentos-institucionais","status":"publish","type":"page","link":"https:\/\/www.ipessp.edu.br\/site\/institucional\/documentos-institucionais\/","title":{"rendered":"Documentos Institucionais"},"content":{"rendered":"\n<p><a href=\"https:\/\/ipessp.edu.br\/site\/wp-content\/uploads\/2025\/07\/Publicacao-Diario-Oficial-Ipessp-16062025.pdf\">Publica\u00e7\u00e3o Di\u00e1rio Oficial &#8211; de 16 de junho de 2025<\/a><\/p>\n\n\n\n<p><a href=\"https:\/\/www.ipessp.edu.br\/site\/wp-content\/uploads\/2021\/07\/Fipessp-Calendario-Academico-2020-1.pdf\">&nbsp;Calend\u00e1rio Acad\u00eamico 2020 &#8211; 1o Semestre<\/a><\/p>\n\n\n\n<p><a href=\"https:\/\/www.ipessp.edu.br\/site\/wp-content\/uploads\/2021\/07\/Fipessp-calendario-acad\u00eamico-2020-2.pdf\">&nbsp;Calend\u00e1rio Acad\u00eamico 2020 &#8211; 2o Semestre<\/a><\/p>\n\n\n\n<p><a href=\"https:\/\/www.ipessp.edu.br\/site\/wp-content\/uploads\/2021\/07\/Fipessp-Calendario-Academico-2021-1.pdf\">&nbsp;Calend\u00e1rio Acad\u00eamico 2021 &#8211; 1o Semestre<\/a><\/p>\n\n\n\n<p><a href=\"https:\/\/www.ipessp.edu.br\/site\/wp-content\/uploads\/2021\/07\/Fipessp-Calendario-Academico-2021-2.pdf\">&nbsp;Calend\u00e1rio Acad\u00eamico 2021 &#8211; 2o Semestre<\/a><\/p>\n\n\n\n<p><a href=\"https:\/\/www.ipessp.edu.br\/site\/wp-content\/uploads\/2021\/10\/Calendario-2022.1-004.pdf\"> Calend\u00e1rio Acad\u00eamico 2022 &#8211; 1o Semestre<\/a><\/p>\n\n\n\n<p><a href=\"https:\/\/www.ipessp.edu.br\/site\/wp-content\/uploads\/2023\/02\/CalendarioAcademico2023.pdf\"> Calend\u00e1rio Acad\u00eamico 2023 &#8211; 1o Semestre<\/a><\/p>\n\n\n\n<p><a href=\"https:\/\/www.ipessp.edu.br\/site\/wp-content\/uploads\/2022\/07\/Edital-de-Processo-Seletivo_IPESSP_2022.2.pdf\"> Edital de Processo Seletivo &#8211; FIPESSP 2022 &#8211; 2<\/a><\/p>\n\n\n\n<p><a href=\"https:\/\/www.ipessp.edu.br\/site\/wp-content\/uploads\/2022\/10\/Edital-de-Processo-Seletivo-Ipessp-2023_1.pdf\"> Edital de Processo Seletivo &#8211; IPESSP 2023 &#8211; 1<\/a><\/p>\n\n\n\n<p><a href=\"https:\/\/www.ipessp.edu.br\/site\/wp-content\/uploads\/2023\/04\/Acompanhamento-dos-egressos-IPESSP.pdf\"> Acompanhamento dos egressos &#8211; IPESSP<\/a><\/p>\n\n\n\n<p><a href=\"https:\/\/www.ipessp.edu.br\/site\/wp-content\/uploads\/2023\/04\/Edital-de-Monitoria-2022-Graduacao-IPESSP.pdf\"> Edital de Monitoria 2022 Gradua\u00e7\u00e3o &#8211; IPESSP <\/a><\/p>\n\n\n\n<p><a href=\"https:\/\/www.ipessp.edu.br\/site\/wp-content\/uploads\/2023\/04\/Manual-do-Aluno-2022-2-Graduacao-IPESSP.pdf\"> Manual do Aluno 2022 &#8211; 2 Gradua\u00e7\u00e3o &#8211; IPESSP <\/a><\/p>\n\n\n\n<p><a href=\"https:\/\/www.ipessp.edu.br\/site\/wp-content\/uploads\/2023\/04\/Metodologia-EAD-IPESSP.pdf\"> Metodologia EAD &#8211; IPESSP <\/a><\/p>\n\n\n\n<p><a href=\"https:\/\/www.ipessp.edu.br\/site\/wp-content\/uploads\/2023\/04\/PDI-IPESSP-2022.pdf\"> PDI &#8211; IPESSP &#8211; 2022 <\/a><\/p>\n\n\n\n<p><a href=\"https:\/\/www.ipessp.edu.br\/site\/wp-content\/uploads\/2023\/04\/Portifolio-do-Moodle-IPESSP.pdf\"> Portifolio do Moodle &#8211; IPESSP <\/a><\/p>\n\n\n\n<p><a href=\"https:\/\/www.ipessp.edu.br\/site\/wp-content\/uploads\/2023\/04\/Regimento-Faculdade-IPESSP.pdf\"> Regimento Faculdade &#8211; IPESSP <\/a><\/p>\n\n\n\n<p><a href=\"https:\/\/www.ipessp.edu.br\/site\/wp-content\/uploads\/2023\/04\/Regulamento-Atividades-Complementares-IPESSP.pdf\"> Regulamento Atividades Complementares &#8211; IPESSP <\/a><\/p>\n\n\n\n<p><a href=\"https:\/\/www.ipessp.edu.br\/site\/wp-content\/uploads\/2023\/04\/Regulamento-Avaliacao-de-Aprendizarem-IPESSP.pdf\"> Regulamento Avalia\u00e7\u00e3o&nbsp; de Aprendizarem &#8211; IPESSP <\/a><\/p>\n\n\n\n<p><a href=\"https:\/\/www.ipessp.edu.br\/site\/wp-content\/uploads\/2023\/04\/Regulamento-CPA-IPESSP.pdf\"> Regulamento CPA &#8211; IPESSP <\/a><\/p>\n\n\n\n<p><a href=\"https:\/\/www.ipessp.edu.br\/site\/wp-content\/uploads\/2023\/04\/Regulamento-da-Monitoria-IPESSP.pdf\"> Regulamento da Monitoria &#8211; IPESSP <\/a><\/p>\n\n\n\n<p><a href=\"https:\/\/www.ipessp.edu.br\/site\/wp-content\/uploads\/2023\/04\/Regulamento-da-Ouvidoria-IPESSP.pdf\"> Regulamento da Ouvidoria &#8211; IPESSP <\/a><\/p>\n\n\n\n<p><a href=\"https:\/\/www.ipessp.edu.br\/site\/wp-content\/uploads\/2023\/04\/Regulamento-de-Concessao-de-Bolsas-e-Beneficios-IPESSP.pdf\"> Regulamento de Concessao de Bolsas e Beneficios &#8211; IPESSP <\/a><\/p>\n\n\n\n<p><a href=\"https:\/\/www.ipessp.edu.br\/site\/wp-content\/uploads\/2023\/04\/Regulamento-de-Iniciacao-Cientifica-IPESSP.pdf\"> Regulamento de Inicia\u00e7\u00e3o Cientifica &#8211; IPESSP <\/a><\/p>\n\n\n\n<p><a href=\"&quot;https:\/\/www.ipessp.edu.br\/site\/wp-content\/uploads\/2023\/04\/Regulamento-de-NEE-Apoio-ao-Estudante-IPESSP.pdf\"> Regulamento de NEE Apoio ao Estudante &#8211; IPESSP <\/a><\/p>\n\n\n\n<p><a href=\"https:\/\/www.ipessp.edu.br\/site\/wp-content\/uploads\/2023\/04\/Regulamento-do-Projeto-de-Extensao-e-Trabalho-Interdisciplinar-Integrador-IPESSP.pdf\"> Regulamento do Projeto de Extens\u00e3o e&nbsp; Trabalho Interdisciplinar Integrador &#8211; IPESSP <\/a><\/p>\n\n\n\n<p><a href=\"https:\/\/www.ipessp.edu.br\/site\/wp-content\/uploads\/2023\/04\/Regulamento-do-Programa-de-Nivelamento-IPESSP-2022.pdf\"> Regulamento do Programa de Nivelamento &#8211; IPESSP 2022 <\/a><\/p>\n\n\n\n<p><a href=\"https:\/\/www.ipessp.edu.br\/site\/wp-content\/uploads\/2023\/04\/Relatorio-CPA-IPESSP-03-2023.pdf\"> Relat\u00f3rio CPA &#8211; IPESSP &#8211; 03-2023 <\/a><\/p>\n\n\n\n<div class=\"wp-block-group\"><div class=\"wp-block-group__inner-container is-layout-constrained wp-block-group-is-layout-constrained\">\n<p><a href=\"https:\/\/www.ipessp.edu.br\/site\/wp-content\/uploads\/2023\/04\/PLANO-DE-AC\u0327A\u0303O-COORD-2023-1.pdf\" target=\"_blank\" rel=\"noopener\">PLANO DE AC\u0327A\u0303O COORD 2023-2<\/a><\/p>\n\n\n\n<p><a href=\"https:\/\/www.ipessp.edu.br\/site\/wp-content\/uploads\/2025\/05\/Edital-de-Processo-Seletivo-Ipessp-2025_2-002.pdf\">https:\/\/www.ipessp<\/a><a href=\"http:\/\/Edital-de-Processo-Seletivo-Ipessp-2025_2\">.<\/a><a href=\"http:\/\/Edital-de-Processo-Seletivo-Ipessp-2025_\" target=\"_blank\" rel=\"noreferrer noopener\">edu.br\/site\/wp-content\/uploads\/2025\/05\/Edital-de-Processo-Seletivo-Ipessp-2025_2-002.pdf<\/a><\/p>\n\n\n\n<figure class=\"wp-block-gallery has-nested-images columns-default is-cropped wp-block-gallery-1 is-layout-flex wp-block-gallery-is-layout-flex\"><\/figure>\n\n\n\n<h2 class=\"wp-block-heading\"><\/h2>\n<\/div><\/div>\n\n\n\n<p><a href=\"https:\/\/www.ipessp.edu.br\/site\/wp-content\/uploads\/2025\/08\/CPA-SITE-IPESSP-1-1-4.pdf\">https:\/\/www.ipessp.edu.br\/site\/wp-content\/uploads\/2025\/08\/CPA-SITE-IPESSP-1-1-4.pdf<\/a><\/p>\n\n\n\n<p><a href=\"https:\/\/www.ipessp.edu.br\/site\/wp-content\/uploads\/2025\/08\/CPA-SITE-IPESSP-1-1-4.pdf\">https:\/\/www.ipessp.edu.br\/site\/wp-content\/uploads\/2025\/08\/CPA-SITE-IPESSP-1-1-4.pdf<\/a><\/p>\n\n\n\n<p><a href=\"https:\/\/www.ipessp.edu.br\/site\/wp-content\/uploads\/2025\/08\/MANUAL-DO-ALUNO-2022_2-Graduacao.pdf\">https:\/\/www.ipessp.edu.br\/site\/wp-content\/uploads\/2025\/08\/MANUAL-DO-ALUNO-2022_2-Graduacao.pdf<\/a><\/p>\n\n\n\n<figure class=\"wp-block-gallery has-nested-images columns-default is-cropped wp-block-gallery-2 is-layout-flex wp-block-gallery-is-layout-flex\"><\/figure>\n\n\n\n<p><a href=\"https:\/\/www.ipessp.edu.br\/site\/wp-content\/uploads\/2025\/08\/Regulamento-CPA-IPESSP.pdf\">https:\/\/www.ipessp.edu.br\/site\/wp-content\/uploads\/2025\/08\/Regulamento-CPA-IPESSP.pdf<\/a><\/p>\n\n\n\n<p><a href=\"https:\/\/www.ipessp.edu.br\/site\/wp-content\/uploads\/2025\/08\/Regulamento-da-Ouvidoria-IPESSP.pdf\">https:\/\/www.ipessp.edu.br\/site\/wp-content\/uploads\/2025\/08\/Regulamento-da-Ouvidoria-IPESSP.pdf<\/a><\/p>\n\n\n\n<p><a href=\"https:\/\/www.ipessp.edu.br\/site\/wp-content\/uploads\/2025\/08\/Regulamento-de-Iniciacao-Cientifica-IPESSP.pdf\">https:\/\/www.ipessp.edu.br\/site\/wp-content\/uploads\/2025\/08\/Regulamento-de-Iniciacao-Cientifica-IPESSP.pdf<\/a><\/p>\n\n\n\n<p><a href=\"https:\/\/www.ipessp.edu.br\/site\/wp-content\/uploads\/2025\/08\/Estatuto-FACULDADE_IPESSP_08112025-1.pdf\">https:\/\/www.ipessp.edu.br\/site\/wp-content\/uploads\/2025\/08\/Estatuto-FACULDADE_IPESSP_08112025-1.pdf<\/a><\/p>\n\n\n\n<p><a href=\"https:\/\/www.ipessp.edu.br\/site\/wp-content\/uploads\/2025\/08\/REGULAMENTO-ESTAGIO-2025_.docx\">https:\/\/www.ipessp.edu.br\/site\/wp-content\/uploads\/2025\/08\/REGULAMENTO-ESTAGIO-2025_.docx<\/a><\/p>\n\n\n\n<p><a href=\"https:\/\/www.ipessp.edu.br\/site\/wp-content\/uploads\/2025\/08\/PROGRAMA-DE-ACESSIBILIDADE-Finalizado_1.pdf\">https:\/\/www.ipessp.edu.br\/site\/wp-content\/uploads\/2025\/08\/PROGRAMA-DE-ACESSIBILIDADE-Finalizado_1.pdf<\/a><\/p>\n\n\n\n<figure class=\"wp-block-gallery has-nested-images columns-default is-cropped wp-block-gallery-3 is-layout-flex wp-block-gallery-is-layout-flex\">\n<figure class=\"wp-block-image size-large\"><img decoding=\"async\" data-id=\"63099\" src=\"https:\/\/www.ipessp.edu.br\/site\/wp-content\/uploads\/2025\/08\/PROGRAMA-DE-ACESSIBILIDADE-Finalizado_1.pdf\" alt=\"\" class=\"wp-image-63099\"\/><\/figure>\n<\/figure>\n\n\n\n<figure class=\"wp-block-gallery has-nested-images columns-default is-cropped wp-block-gallery-4 is-layout-flex wp-block-gallery-is-layout-flex\">\n<figure class=\"wp-block-image size-large\"><img decoding=\"async\" data-id=\"63094\" src=\"https:\/\/www.ipessp.edu.br\/site\/wp-content\/uploads\/2025\/08\/Estatuto-FACULDADE_IPESSP_08112025-1.pdf\" alt=\"\" class=\"wp-image-63094\"\/><\/figure>\n<\/figure>\n\n\n\n<figure class=\"wp-block-gallery has-nested-images columns-default is-cropped wp-block-gallery-5 is-layout-flex wp-block-gallery-is-layout-flex\">\n<figure class=\"wp-block-image size-large\"><img decoding=\"async\" data-id=\"63090\" src=\"https:\/\/www.ipessp.edu.br\/site\/wp-content\/uploads\/2025\/08\/MANUAL-DO-ALUNO-2022_2-Graduacao.pdf\" alt=\"\" class=\"wp-image-63090\"\/><\/figure>\n<\/figure>\n","protected":false},"excerpt":{"rendered":"<p>Publica\u00e7\u00e3o Di\u00e1rio Oficial &#8211; de 16 de junho de 2025 &nbsp;Calend\u00e1rio Acad\u00eamico 2020 &#8211; 1o Semestre &nbsp;Calend\u00e1rio Acad\u00eamico 2020 &#8211; 2o Semestre &nbsp;Calend\u00e1rio Acad\u00eamico 2021 &#8211; 1o Semestre &nbsp;Calend\u00e1rio Acad\u00eamico 2021 &#8211; 2o Semestre Calend\u00e1rio Acad\u00eamico 2022 &#8211; 1o Semestre Calend\u00e1rio Acad\u00eamico 2023 &#8211; 1o Semestre Edital de Processo Seletivo &#8211; FIPESSP 2022 &#8211; 2 &hellip; <a href=\"https:\/\/www.ipessp.edu.br\/site\/institucional\/documentos-institucionais\/\">Continua<\/a><\/p>\n","protected":false},"author":4,"featured_media":0,"parent":37338,"menu_order":0,"comment_status":"closed","ping_status":"closed","template":"","meta":{"footnotes":""},"class_list":["post-37532","page","type-page","status-publish","hentry"],"acf":[],"yoast_head":"<!-- This site is optimized with the Yoast SEO plugin v27.4 - https:\/\/yoast.com\/product\/yoast-seo-wordpress\/ -->\n<title>Documentos Institucionais - IPESSP<\/title>\n<meta name=\"robots\" content=\"index, follow, max-snippet:-1, max-image-preview:large, max-video-preview:-1\" \/>\n<link rel=\"canonical\" href=\"https:\/\/ipessp.edu.br\/site\/institucional\/documentos-institucionais\/\" \/>\n<meta property=\"og:locale\" content=\"pt_BR\" \/>\n<meta property=\"og:type\" content=\"article\" \/>\n<meta property=\"og:title\" content=\"Documentos Institucionais - IPESSP\" \/>\n<meta property=\"og:description\" content=\"Publica\u00e7\u00e3o Di\u00e1rio Oficial &#8211; de 16 de junho de 2025 &nbsp;Calend\u00e1rio Acad\u00eamico 2020 &#8211; 1o Semestre &nbsp;Calend\u00e1rio Acad\u00eamico 2020 &#8211; 2o Semestre &nbsp;Calend\u00e1rio Acad\u00eamico 2021 &#8211; 1o Semestre &nbsp;Calend\u00e1rio Acad\u00eamico 2021 &#8211; 2o Semestre Calend\u00e1rio Acad\u00eamico 2022 &#8211; 1o Semestre Calend\u00e1rio Acad\u00eamico 2023 &#8211; 1o Semestre Edital de Processo Seletivo &#8211; FIPESSP 2022 &#8211; 2 &hellip; Continua\" \/>\n<meta property=\"og:url\" content=\"https:\/\/ipessp.edu.br\/site\/institucional\/documentos-institucionais\/\" \/>\n<meta property=\"og:site_name\" content=\"IPESSP\" \/>\n<meta property=\"article:publisher\" content=\"https:\/\/www.facebook.com\/ipesspedu\/?ref=pages_you_manage\" \/>\n<meta property=\"article:modified_time\" content=\"2025-08-13T22:49:21+00:00\" \/>\n<meta property=\"og:image\" content=\"https:\/\/www.ipessp.edu.br\/site\/wp-content\/uploads\/2025\/08\/PROGRAMA-DE-ACESSIBILIDADE-Finalizado_1.pdf\" \/>\n<meta name=\"twitter:card\" content=\"summary_large_image\" \/>\n<meta name=\"twitter:site\" content=\"@ipessp\" \/>\n<meta name=\"twitter:label1\" content=\"Est. tempo de leitura\" \/>\n\t<meta name=\"twitter:data1\" content=\"2 minutos\" \/>\n<script type=\"application\/ld+json\" class=\"yoast-schema-graph\">{\"@context\":\"https:\\\/\\\/schema.org\",\"@graph\":[{\"@type\":\"WebPage\",\"@id\":\"https:\\\/\\\/ipessp.edu.br\\\/site\\\/institucional\\\/documentos-institucionais\\\/\",\"url\":\"https:\\\/\\\/ipessp.edu.br\\\/site\\\/institucional\\\/documentos-institucionais\\\/\",\"name\":\"Documentos Institucionais - IPESSP\",\"isPartOf\":{\"@id\":\"https:\\\/\\\/www.ipessp.edu.br\\\/site\\\/#website\"},\"primaryImageOfPage\":{\"@id\":\"https:\\\/\\\/ipessp.edu.br\\\/site\\\/institucional\\\/documentos-institucionais\\\/#primaryimage\"},\"image\":{\"@id\":\"https:\\\/\\\/ipessp.edu.br\\\/site\\\/institucional\\\/documentos-institucionais\\\/#primaryimage\"},\"thumbnailUrl\":\"https:\\\/\\\/www.ipessp.edu.br\\\/site\\\/wp-content\\\/uploads\\\/2025\\\/08\\\/PROGRAMA-DE-ACESSIBILIDADE-Finalizado_1.pdf\",\"datePublished\":\"2021-06-25T19:17:24+00:00\",\"dateModified\":\"2025-08-13T22:49:21+00:00\",\"breadcrumb\":{\"@id\":\"https:\\\/\\\/ipessp.edu.br\\\/site\\\/institucional\\\/documentos-institucionais\\\/#breadcrumb\"},\"inLanguage\":\"pt-BR\",\"potentialAction\":[{\"@type\":\"ReadAction\",\"target\":[\"https:\\\/\\\/ipessp.edu.br\\\/site\\\/institucional\\\/documentos-institucionais\\\/\"]}]},{\"@type\":\"ImageObject\",\"inLanguage\":\"pt-BR\",\"@id\":\"https:\\\/\\\/ipessp.edu.br\\\/site\\\/institucional\\\/documentos-institucionais\\\/#primaryimage\",\"url\":\"https:\\\/\\\/www.ipessp.edu.br\\\/site\\\/wp-content\\\/uploads\\\/2025\\\/08\\\/PROGRAMA-DE-ACESSIBILIDADE-Finalizado_1.pdf\",\"contentUrl\":\"https:\\\/\\\/www.ipessp.edu.br\\\/site\\\/wp-content\\\/uploads\\\/2025\\\/08\\\/PROGRAMA-DE-ACESSIBILIDADE-Finalizado_1.pdf\"},{\"@type\":\"BreadcrumbList\",\"@id\":\"https:\\\/\\\/ipessp.edu.br\\\/site\\\/institucional\\\/documentos-institucionais\\\/#breadcrumb\",\"itemListElement\":[{\"@type\":\"ListItem\",\"position\":1,\"name\":\"In\u00edcio\",\"item\":\"https:\\\/\\\/www.ipessp.edu.br\\\/site\\\/\"},{\"@type\":\"ListItem\",\"position\":2,\"name\":\"Institucional\",\"item\":\"https:\\\/\\\/www.ipessp.edu.br\\\/site\\\/institucional\\\/\"},{\"@type\":\"ListItem\",\"position\":3,\"name\":\"Documentos Institucionais\"}]},{\"@type\":\"WebSite\",\"@id\":\"https:\\\/\\\/www.ipessp.edu.br\\\/site\\\/#website\",\"url\":\"https:\\\/\\\/www.ipessp.edu.br\\\/site\\\/\",\"name\":\"IPESSP\",\"description\":\"Instituto de Pesquisa e Educa\u00e7\u00e3o em Sa\u00fade de S\u00e3o Paulo\",\"publisher\":{\"@id\":\"https:\\\/\\\/www.ipessp.edu.br\\\/site\\\/#organization\"},\"potentialAction\":[{\"@type\":\"SearchAction\",\"target\":{\"@type\":\"EntryPoint\",\"urlTemplate\":\"https:\\\/\\\/www.ipessp.edu.br\\\/site\\\/?s={search_term_string}\"},\"query-input\":{\"@type\":\"PropertyValueSpecification\",\"valueRequired\":true,\"valueName\":\"search_term_string\"}}],\"inLanguage\":\"pt-BR\"},{\"@type\":\"Organization\",\"@id\":\"https:\\\/\\\/www.ipessp.edu.br\\\/site\\\/#organization\",\"name\":\"IPESSP\",\"url\":\"https:\\\/\\\/www.ipessp.edu.br\\\/site\\\/\",\"logo\":{\"@type\":\"ImageObject\",\"inLanguage\":\"pt-BR\",\"@id\":\"https:\\\/\\\/www.ipessp.edu.br\\\/site\\\/#\\\/schema\\\/logo\\\/image\\\/\",\"url\":\"https:\\\/\\\/www.ipessp.edu.br\\\/site\\\/wp-content\\\/uploads\\\/2016\\\/10\\\/logotipo.png\",\"contentUrl\":\"https:\\\/\\\/www.ipessp.edu.br\\\/site\\\/wp-content\\\/uploads\\\/2016\\\/10\\\/logotipo.png\",\"width\":900,\"height\":462,\"caption\":\"IPESSP\"},\"image\":{\"@id\":\"https:\\\/\\\/www.ipessp.edu.br\\\/site\\\/#\\\/schema\\\/logo\\\/image\\\/\"},\"sameAs\":[\"https:\\\/\\\/www.facebook.com\\\/ipesspedu\\\/?ref=pages_you_manage\",\"https:\\\/\\\/x.com\\\/ipessp\",\"https:\\\/\\\/www.instagram.com\\\/ipessp\\\/\",\"https:\\\/\\\/www.linkedin.com\\\/feed\\\/\",\"https:\\\/\\\/www.youtube.com\\\/watch?v=mlwRSWmfisw&amp;t=93s\"]}]}<\/script>\n<!-- \/ Yoast SEO plugin. -->","yoast_head_json":{"title":"Documentos Institucionais - IPESSP","robots":{"index":"index","follow":"follow","max-snippet":"max-snippet:-1","max-image-preview":"max-image-preview:large","max-video-preview":"max-video-preview:-1"},"canonical":"https:\/\/ipessp.edu.br\/site\/institucional\/documentos-institucionais\/","og_locale":"pt_BR","og_type":"article","og_title":"Documentos Institucionais - IPESSP","og_description":"Publica\u00e7\u00e3o Di\u00e1rio Oficial &#8211; de 16 de junho de 2025 &nbsp;Calend\u00e1rio Acad\u00eamico 2020 &#8211; 1o Semestre &nbsp;Calend\u00e1rio Acad\u00eamico 2020 &#8211; 2o Semestre &nbsp;Calend\u00e1rio Acad\u00eamico 2021 &#8211; 1o Semestre &nbsp;Calend\u00e1rio Acad\u00eamico 2021 &#8211; 2o Semestre Calend\u00e1rio Acad\u00eamico 2022 &#8211; 1o Semestre Calend\u00e1rio Acad\u00eamico 2023 &#8211; 1o Semestre Edital de Processo Seletivo &#8211; FIPESSP 2022 &#8211; 2 &hellip; Continua","og_url":"https:\/\/ipessp.edu.br\/site\/institucional\/documentos-institucionais\/","og_site_name":"IPESSP","article_publisher":"https:\/\/www.facebook.com\/ipesspedu\/?ref=pages_you_manage","article_modified_time":"2025-08-13T22:49:21+00:00","og_image":[{"url":"https:\/\/www.ipessp.edu.br\/site\/wp-content\/uploads\/2025\/08\/PROGRAMA-DE-ACESSIBILIDADE-Finalizado_1.pdf","type":"","width":"","height":""}],"twitter_card":"summary_large_image","twitter_site":"@ipessp","twitter_misc":{"Est. tempo de leitura":"2 minutos"},"schema":{"@context":"https:\/\/schema.org","@graph":[{"@type":"WebPage","@id":"https:\/\/ipessp.edu.br\/site\/institucional\/documentos-institucionais\/","url":"https:\/\/ipessp.edu.br\/site\/institucional\/documentos-institucionais\/","name":"Documentos Institucionais - IPESSP","isPartOf":{"@id":"https:\/\/www.ipessp.edu.br\/site\/#website"},"primaryImageOfPage":{"@id":"https:\/\/ipessp.edu.br\/site\/institucional\/documentos-institucionais\/#primaryimage"},"image":{"@id":"https:\/\/ipessp.edu.br\/site\/institucional\/documentos-institucionais\/#primaryimage"},"thumbnailUrl":"https:\/\/www.ipessp.edu.br\/site\/wp-content\/uploads\/2025\/08\/PROGRAMA-DE-ACESSIBILIDADE-Finalizado_1.pdf","datePublished":"2021-06-25T19:17:24+00:00","dateModified":"2025-08-13T22:49:21+00:00","breadcrumb":{"@id":"https:\/\/ipessp.edu.br\/site\/institucional\/documentos-institucionais\/#breadcrumb"},"inLanguage":"pt-BR","potentialAction":[{"@type":"ReadAction","target":["https:\/\/ipessp.edu.br\/site\/institucional\/documentos-institucionais\/"]}]},{"@type":"ImageObject","inLanguage":"pt-BR","@id":"https:\/\/ipessp.edu.br\/site\/institucional\/documentos-institucionais\/#primaryimage","url":"https:\/\/www.ipessp.edu.br\/site\/wp-content\/uploads\/2025\/08\/PROGRAMA-DE-ACESSIBILIDADE-Finalizado_1.pdf","contentUrl":"https:\/\/www.ipessp.edu.br\/site\/wp-content\/uploads\/2025\/08\/PROGRAMA-DE-ACESSIBILIDADE-Finalizado_1.pdf"},{"@type":"BreadcrumbList","@id":"https:\/\/ipessp.edu.br\/site\/institucional\/documentos-institucionais\/#breadcrumb","itemListElement":[{"@type":"ListItem","position":1,"name":"In\u00edcio","item":"https:\/\/www.ipessp.edu.br\/site\/"},{"@type":"ListItem","position":2,"name":"Institucional","item":"https:\/\/www.ipessp.edu.br\/site\/institucional\/"},{"@type":"ListItem","position":3,"name":"Documentos Institucionais"}]},{"@type":"WebSite","@id":"https:\/\/www.ipessp.edu.br\/site\/#website","url":"https:\/\/www.ipessp.edu.br\/site\/","name":"IPESSP","description":"Instituto de Pesquisa e Educa\u00e7\u00e3o em Sa\u00fade de S\u00e3o Paulo","publisher":{"@id":"https:\/\/www.ipessp.edu.br\/site\/#organization"},"potentialAction":[{"@type":"SearchAction","target":{"@type":"EntryPoint","urlTemplate":"https:\/\/www.ipessp.edu.br\/site\/?s={search_term_string}"},"query-input":{"@type":"PropertyValueSpecification","valueRequired":true,"valueName":"search_term_string"}}],"inLanguage":"pt-BR"},{"@type":"Organization","@id":"https:\/\/www.ipessp.edu.br\/site\/#organization","name":"IPESSP","url":"https:\/\/www.ipessp.edu.br\/site\/","logo":{"@type":"ImageObject","inLanguage":"pt-BR","@id":"https:\/\/www.ipessp.edu.br\/site\/#\/schema\/logo\/image\/","url":"https:\/\/www.ipessp.edu.br\/site\/wp-content\/uploads\/2016\/10\/logotipo.png","contentUrl":"https:\/\/www.ipessp.edu.br\/site\/wp-content\/uploads\/2016\/10\/logotipo.png","width":900,"height":462,"caption":"IPESSP"},"image":{"@id":"https:\/\/www.ipessp.edu.br\/site\/#\/schema\/logo\/image\/"},"sameAs":["https:\/\/www.facebook.com\/ipesspedu\/?ref=pages_you_manage","https:\/\/x.com\/ipessp","https:\/\/www.instagram.com\/ipessp\/","https:\/\/www.linkedin.com\/feed\/","https:\/\/www.youtube.com\/watch?v=mlwRSWmfisw&amp;t=93s"]}]}},"_links":{"self":[{"href":"https:\/\/www.ipessp.edu.br\/site\/wp-json\/wp\/v2\/pages\/37532","targetHints":{"allow":["GET"]}}],"collection":[{"href":"https:\/\/www.ipessp.edu.br\/site\/wp-json\/wp\/v2\/pages"}],"about":[{"href":"https:\/\/www.ipessp.edu.br\/site\/wp-json\/wp\/v2\/types\/page"}],"author":[{"embeddable":true,"href":"https:\/\/www.ipessp.edu.br\/site\/wp-json\/wp\/v2\/users\/4"}],"replies":[{"embeddable":true,"href":"https:\/\/www.ipessp.edu.br\/site\/wp-json\/wp\/v2\/comments?post=37532"}],"version-history":[{"count":66,"href":"https:\/\/www.ipessp.edu.br\/site\/wp-json\/wp\/v2\/pages\/37532\/revisions"}],"predecessor-version":[{"id":63101,"href":"https:\/\/www.ipessp.edu.br\/site\/wp-json\/wp\/v2\/pages\/37532\/revisions\/63101"}],"up":[{"embeddable":true,"href":"https:\/\/www.ipessp.edu.br\/site\/wp-json\/wp\/v2\/pages\/37338"}],"wp:attachment":[{"href":"https:\/\/www.ipessp.edu.br\/site\/wp-json\/wp\/v2\/media?parent=37532"}],"curies":[{"name":"wp","href":"https:\/\/api.w.org\/{rel}","templated":true}]}}