{"id":3781,"date":"2017-10-03T10:04:04","date_gmt":"2017-10-03T13:04:04","guid":{"rendered":"https:\/\/www.ipessp.edu.br\/site\/?page_id=3781"},"modified":"2018-05-09T18:54:53","modified_gmt":"2018-05-09T21:54:53","slug":"quiz","status":"publish","type":"page","link":"https:\/\/www.ipessp.edu.br\/site\/quiz\/","title":{"rendered":"TESTE SEU CONHECIMENTO EM GEST\u00c3O HOSPITLAR"},"content":{"rendered":"<h3 style=\"text-align: center;\"><strong>Voc\u00ea tem conhecimento para fazer parte da gest\u00e3o de um hospital ou cl\u00ednica?<\/strong><\/h3>\n<p>Quer saber o n\u00edvel do seus conhecimentos em Gest\u00e3o Hospitalar?<\/p>\n<p>Nesta\u00a0ferramenta, os interessados\u00a0no curso de gest\u00e3o hospitalar como MBA e Administra\u00e7\u00e3o Hospitalar\u00a0podem\u00a0medir seus conhecimento na \u00e1rea.<\/p>\n<p>Preencha os dados e fa\u00e7a o seu teste.<\/p>\n<p>Boa sorte!<\/p>\n","protected":false},"excerpt":{"rendered":"<p>Voc\u00ea tem conhecimento para fazer parte da gest\u00e3o de um hospital ou cl\u00ednica? Quer saber o n\u00edvel do seus conhecimentos em Gest\u00e3o Hospitalar? Nesta\u00a0ferramenta, os interessados\u00a0no curso de gest\u00e3o hospitalar como MBA e Administra\u00e7\u00e3o Hospitalar\u00a0podem\u00a0medir seus conhecimento na \u00e1rea. Preencha os dados e fa\u00e7a o seu teste. Boa sorte!<\/p>\n","protected":false},"author":4,"featured_media":0,"parent":0,"menu_order":0,"comment_status":"closed","ping_status":"closed","template":"page-quiz.php","meta":{"footnotes":""},"class_list":["post-3781","page","type-page","status-publish","hentry"],"acf":[],"yoast_head":"<!-- This site is optimized with the Yoast SEO plugin v27.5 - https:\/\/yoast.com\/product\/yoast-seo-wordpress\/ -->\n<title>Teste seus conhecimentos no Quiz especial para sa\u00fade do IPESSP<\/title>\n<meta name=\"robots\" content=\"index, follow, max-snippet:-1, max-image-preview:large, max-video-preview:-1\" \/>\n<link rel=\"canonical\" href=\"https:\/\/www.ipessp.edu.br\/site\/quiz\/\" \/>\n<meta property=\"og:locale\" content=\"pt_BR\" \/>\n<meta property=\"og:type\" content=\"article\" \/>\n<meta property=\"og:title\" content=\"Teste seus conhecimentos no Quiz especial para sa\u00fade do IPESSP\" \/>\n<meta property=\"og:description\" content=\"Voc\u00ea tem conhecimento para fazer parte da gest\u00e3o de um hospital ou cl\u00ednica? Quer saber o n\u00edvel do seus conhecimentos em Gest\u00e3o Hospitalar? Nesta\u00a0ferramenta, os interessados\u00a0no curso de gest\u00e3o hospitalar como MBA e Administra\u00e7\u00e3o Hospitalar\u00a0podem\u00a0medir seus conhecimento na \u00e1rea. Preencha os dados e fa\u00e7a o seu teste. Boa sorte!\" \/>\n<meta property=\"og:url\" content=\"https:\/\/www.ipessp.edu.br\/site\/quiz\/\" \/>\n<meta property=\"og:site_name\" content=\"IPESSP\" \/>\n<meta property=\"article:publisher\" content=\"https:\/\/www.facebook.com\/ipesspedu\/?ref=pages_you_manage\" \/>\n<meta property=\"article:modified_time\" content=\"2018-05-09T21:54:53+00:00\" \/>\n<meta name=\"twitter:card\" content=\"summary_large_image\" \/>\n<meta name=\"twitter:site\" content=\"@ipessp\" \/>\n<script type=\"application\/ld+json\" class=\"yoast-schema-graph\">{\"@context\":\"https:\\\/\\\/schema.org\",\"@graph\":[{\"@type\":\"WebPage\",\"@id\":\"https:\\\/\\\/www.ipessp.edu.br\\\/site\\\/quiz\\\/\",\"url\":\"https:\\\/\\\/www.ipessp.edu.br\\\/site\\\/quiz\\\/\",\"name\":\"Teste seus conhecimentos no Quiz especial para sa\u00fade do IPESSP\",\"isPartOf\":{\"@id\":\"https:\\\/\\\/www.ipessp.edu.br\\\/site\\\/#website\"},\"datePublished\":\"2017-10-03T13:04:04+00:00\",\"dateModified\":\"2018-05-09T21:54:53+00:00\",\"breadcrumb\":{\"@id\":\"https:\\\/\\\/www.ipessp.edu.br\\\/site\\\/quiz\\\/#breadcrumb\"},\"inLanguage\":\"pt-BR\",\"potentialAction\":[{\"@type\":\"ReadAction\",\"target\":[\"https:\\\/\\\/www.ipessp.edu.br\\\/site\\\/quiz\\\/\"]}]},{\"@type\":\"BreadcrumbList\",\"@id\":\"https:\\\/\\\/www.ipessp.edu.br\\\/site\\\/quiz\\\/#breadcrumb\",\"itemListElement\":[{\"@type\":\"ListItem\",\"position\":1,\"name\":\"In\u00edcio\",\"item\":\"https:\\\/\\\/www.ipessp.edu.br\\\/site\\\/\"},{\"@type\":\"ListItem\",\"position\":2,\"name\":\"TESTE SEU CONHECIMENTO EM GEST\u00c3O HOSPITLAR\"}]},{\"@type\":\"WebSite\",\"@id\":\"https:\\\/\\\/www.ipessp.edu.br\\\/site\\\/#website\",\"url\":\"https:\\\/\\\/www.ipessp.edu.br\\\/site\\\/\",\"name\":\"IPESSP\",\"description\":\"Instituto de Pesquisa e Educa\u00e7\u00e3o em Sa\u00fade de S\u00e3o Paulo\",\"publisher\":{\"@id\":\"https:\\\/\\\/www.ipessp.edu.br\\\/site\\\/#organization\"},\"potentialAction\":[{\"@type\":\"SearchAction\",\"target\":{\"@type\":\"EntryPoint\",\"urlTemplate\":\"https:\\\/\\\/www.ipessp.edu.br\\\/site\\\/?s={search_term_string}\"},\"query-input\":{\"@type\":\"PropertyValueSpecification\",\"valueRequired\":true,\"valueName\":\"search_term_string\"}}],\"inLanguage\":\"pt-BR\"},{\"@type\":\"Organization\",\"@id\":\"https:\\\/\\\/www.ipessp.edu.br\\\/site\\\/#organization\",\"name\":\"IPESSP\",\"url\":\"https:\\\/\\\/www.ipessp.edu.br\\\/site\\\/\",\"logo\":{\"@type\":\"ImageObject\",\"inLanguage\":\"pt-BR\",\"@id\":\"https:\\\/\\\/www.ipessp.edu.br\\\/site\\\/#\\\/schema\\\/logo\\\/image\\\/\",\"url\":\"https:\\\/\\\/www.ipessp.edu.br\\\/site\\\/wp-content\\\/uploads\\\/2016\\\/10\\\/logotipo.png\",\"contentUrl\":\"https:\\\/\\\/www.ipessp.edu.br\\\/site\\\/wp-content\\\/uploads\\\/2016\\\/10\\\/logotipo.png\",\"width\":900,\"height\":462,\"caption\":\"IPESSP\"},\"image\":{\"@id\":\"https:\\\/\\\/www.ipessp.edu.br\\\/site\\\/#\\\/schema\\\/logo\\\/image\\\/\"},\"sameAs\":[\"https:\\\/\\\/www.facebook.com\\\/ipesspedu\\\/?ref=pages_you_manage\",\"https:\\\/\\\/x.com\\\/ipessp\",\"https:\\\/\\\/www.instagram.com\\\/ipessp\\\/\",\"https:\\\/\\\/www.linkedin.com\\\/feed\\\/\",\"https:\\\/\\\/www.youtube.com\\\/watch?v=mlwRSWmfisw&amp;t=93s\"]}]}<\/script>\n<!-- \/ Yoast SEO plugin. -->","yoast_head_json":{"title":"Teste seus conhecimentos no Quiz especial para sa\u00fade do IPESSP","robots":{"index":"index","follow":"follow","max-snippet":"max-snippet:-1","max-image-preview":"max-image-preview:large","max-video-preview":"max-video-preview:-1"},"canonical":"https:\/\/www.ipessp.edu.br\/site\/quiz\/","og_locale":"pt_BR","og_type":"article","og_title":"Teste seus conhecimentos no Quiz especial para sa\u00fade do IPESSP","og_description":"Voc\u00ea tem conhecimento para fazer parte da gest\u00e3o de um hospital ou cl\u00ednica? Quer saber o n\u00edvel do seus conhecimentos em Gest\u00e3o Hospitalar? Nesta\u00a0ferramenta, os interessados\u00a0no curso de gest\u00e3o hospitalar como MBA e Administra\u00e7\u00e3o Hospitalar\u00a0podem\u00a0medir seus conhecimento na \u00e1rea. Preencha os dados e fa\u00e7a o seu teste. Boa sorte!","og_url":"https:\/\/www.ipessp.edu.br\/site\/quiz\/","og_site_name":"IPESSP","article_publisher":"https:\/\/www.facebook.com\/ipesspedu\/?ref=pages_you_manage","article_modified_time":"2018-05-09T21:54:53+00:00","twitter_card":"summary_large_image","twitter_site":"@ipessp","schema":{"@context":"https:\/\/schema.org","@graph":[{"@type":"WebPage","@id":"https:\/\/www.ipessp.edu.br\/site\/quiz\/","url":"https:\/\/www.ipessp.edu.br\/site\/quiz\/","name":"Teste seus conhecimentos no Quiz especial para sa\u00fade do IPESSP","isPartOf":{"@id":"https:\/\/www.ipessp.edu.br\/site\/#website"},"datePublished":"2017-10-03T13:04:04+00:00","dateModified":"2018-05-09T21:54:53+00:00","breadcrumb":{"@id":"https:\/\/www.ipessp.edu.br\/site\/quiz\/#breadcrumb"},"inLanguage":"pt-BR","potentialAction":[{"@type":"ReadAction","target":["https:\/\/www.ipessp.edu.br\/site\/quiz\/"]}]},{"@type":"BreadcrumbList","@id":"https:\/\/www.ipessp.edu.br\/site\/quiz\/#breadcrumb","itemListElement":[{"@type":"ListItem","position":1,"name":"In\u00edcio","item":"https:\/\/www.ipessp.edu.br\/site\/"},{"@type":"ListItem","position":2,"name":"TESTE SEU CONHECIMENTO EM GEST\u00c3O HOSPITLAR"}]},{"@type":"WebSite","@id":"https:\/\/www.ipessp.edu.br\/site\/#website","url":"https:\/\/www.ipessp.edu.br\/site\/","name":"IPESSP","description":"Instituto de Pesquisa e Educa\u00e7\u00e3o em Sa\u00fade de S\u00e3o Paulo","publisher":{"@id":"https:\/\/www.ipessp.edu.br\/site\/#organization"},"potentialAction":[{"@type":"SearchAction","target":{"@type":"EntryPoint","urlTemplate":"https:\/\/www.ipessp.edu.br\/site\/?s={search_term_string}"},"query-input":{"@type":"PropertyValueSpecification","valueRequired":true,"valueName":"search_term_string"}}],"inLanguage":"pt-BR"},{"@type":"Organization","@id":"https:\/\/www.ipessp.edu.br\/site\/#organization","name":"IPESSP","url":"https:\/\/www.ipessp.edu.br\/site\/","logo":{"@type":"ImageObject","inLanguage":"pt-BR","@id":"https:\/\/www.ipessp.edu.br\/site\/#\/schema\/logo\/image\/","url":"https:\/\/www.ipessp.edu.br\/site\/wp-content\/uploads\/2016\/10\/logotipo.png","contentUrl":"https:\/\/www.ipessp.edu.br\/site\/wp-content\/uploads\/2016\/10\/logotipo.png","width":900,"height":462,"caption":"IPESSP"},"image":{"@id":"https:\/\/www.ipessp.edu.br\/site\/#\/schema\/logo\/image\/"},"sameAs":["https:\/\/www.facebook.com\/ipesspedu\/?ref=pages_you_manage","https:\/\/x.com\/ipessp","https:\/\/www.instagram.com\/ipessp\/","https:\/\/www.linkedin.com\/feed\/","https:\/\/www.youtube.com\/watch?v=mlwRSWmfisw&amp;t=93s"]}]}},"_links":{"self":[{"href":"https:\/\/www.ipessp.edu.br\/site\/wp-json\/wp\/v2\/pages\/3781","targetHints":{"allow":["GET"]}}],"collection":[{"href":"https:\/\/www.ipessp.edu.br\/site\/wp-json\/wp\/v2\/pages"}],"about":[{"href":"https:\/\/www.ipessp.edu.br\/site\/wp-json\/wp\/v2\/types\/page"}],"author":[{"embeddable":true,"href":"https:\/\/www.ipessp.edu.br\/site\/wp-json\/wp\/v2\/users\/4"}],"replies":[{"embeddable":true,"href":"https:\/\/www.ipessp.edu.br\/site\/wp-json\/wp\/v2\/comments?post=3781"}],"version-history":[{"count":12,"href":"https:\/\/www.ipessp.edu.br\/site\/wp-json\/wp\/v2\/pages\/3781\/revisions"}],"predecessor-version":[{"id":6735,"href":"https:\/\/www.ipessp.edu.br\/site\/wp-json\/wp\/v2\/pages\/3781\/revisions\/6735"}],"wp:attachment":[{"href":"https:\/\/www.ipessp.edu.br\/site\/wp-json\/wp\/v2\/media?parent=3781"}],"curies":[{"name":"wp","href":"https:\/\/api.w.org\/{rel}","templated":true}]}}