{"id":4337,"date":"2018-06-06T16:18:53","date_gmt":"2018-06-06T19:18:53","guid":{"rendered":"https:\/\/www.ipessp.edu.br\/site\/?page_id=4337"},"modified":"2022-05-11T15:09:56","modified_gmt":"2022-05-11T18:09:56","slug":"atendimento","status":"publish","type":"page","link":"https:\/\/www.ipessp.edu.br\/site\/home\/atendimento\/","title":{"rendered":"Atendimento IPESSP"},"content":{"rendered":"","protected":false},"excerpt":{"rendered":"","protected":false},"author":3,"featured_media":0,"parent":4,"menu_order":1,"comment_status":"closed","ping_status":"closed","template":"page-fale-conosco.php","meta":{"footnotes":""},"class_list":["post-4337","page","type-page","status-publish","hentry"],"acf":[],"yoast_head":"<!-- This site is optimized with the Yoast SEO plugin v27.5 - https:\/\/yoast.com\/product\/yoast-seo-wordpress\/ -->\n<title>Atendimento IPESSP - Entre com contato conosco agora!<\/title>\n<meta name=\"description\" content=\"O IPESSP disponibiliza varias formas de contato para Atendimento. Escolha o melhor e tire suas d\u00favidas. Telefones, email ou presencial.\" \/>\n<meta name=\"robots\" content=\"index, follow, max-snippet:-1, max-image-preview:large, max-video-preview:-1\" \/>\n<link rel=\"canonical\" href=\"https:\/\/www.ipessp.edu.br\/site\/home\/atendimento\/\" \/>\n<meta property=\"og:locale\" content=\"pt_BR\" \/>\n<meta property=\"og:type\" content=\"article\" \/>\n<meta property=\"og:title\" content=\"Atendimento IPESSP - Entre com contato conosco agora!\" \/>\n<meta property=\"og:description\" content=\"O IPESSP disponibiliza varias formas de contato para Atendimento. Escolha o melhor e tire suas d\u00favidas. Telefones, email ou presencial.\" \/>\n<meta property=\"og:url\" content=\"https:\/\/www.ipessp.edu.br\/site\/home\/atendimento\/\" \/>\n<meta property=\"og:site_name\" content=\"IPESSP\" \/>\n<meta property=\"article:publisher\" content=\"https:\/\/www.facebook.com\/ipesspedu\/?ref=pages_you_manage\" \/>\n<meta property=\"article:modified_time\" content=\"2022-05-11T18:09:56+00:00\" \/>\n<meta name=\"twitter:card\" content=\"summary_large_image\" \/>\n<meta name=\"twitter:site\" content=\"@ipessp\" \/>\n<script type=\"application\/ld+json\" class=\"yoast-schema-graph\">{\"@context\":\"https:\\\/\\\/schema.org\",\"@graph\":[{\"@type\":\"WebPage\",\"@id\":\"https:\\\/\\\/www.ipessp.edu.br\\\/site\\\/home\\\/atendimento\\\/\",\"url\":\"https:\\\/\\\/www.ipessp.edu.br\\\/site\\\/home\\\/atendimento\\\/\",\"name\":\"Atendimento IPESSP - Entre com contato conosco agora!\",\"isPartOf\":{\"@id\":\"https:\\\/\\\/www.ipessp.edu.br\\\/site\\\/#website\"},\"datePublished\":\"2018-06-06T19:18:53+00:00\",\"dateModified\":\"2022-05-11T18:09:56+00:00\",\"description\":\"O IPESSP disponibiliza varias formas de contato para Atendimento. Escolha o melhor e tire suas d\u00favidas. Telefones, email ou presencial.\",\"breadcrumb\":{\"@id\":\"https:\\\/\\\/www.ipessp.edu.br\\\/site\\\/home\\\/atendimento\\\/#breadcrumb\"},\"inLanguage\":\"pt-BR\",\"potentialAction\":[{\"@type\":\"ReadAction\",\"target\":[\"https:\\\/\\\/www.ipessp.edu.br\\\/site\\\/home\\\/atendimento\\\/\"]}]},{\"@type\":\"BreadcrumbList\",\"@id\":\"https:\\\/\\\/www.ipessp.edu.br\\\/site\\\/home\\\/atendimento\\\/#breadcrumb\",\"itemListElement\":[{\"@type\":\"ListItem\",\"position\":1,\"name\":\"In\u00edcio\",\"item\":\"https:\\\/\\\/www.ipessp.edu.br\\\/site\\\/\"},{\"@type\":\"ListItem\",\"position\":2,\"name\":\"Home\",\"item\":\"https:\\\/\\\/www.ipessp.edu.br\\\/site\\\/\"},{\"@type\":\"ListItem\",\"position\":3,\"name\":\"Atendimento IPESSP\"}]},{\"@type\":\"WebSite\",\"@id\":\"https:\\\/\\\/www.ipessp.edu.br\\\/site\\\/#website\",\"url\":\"https:\\\/\\\/www.ipessp.edu.br\\\/site\\\/\",\"name\":\"IPESSP\",\"description\":\"Instituto de Pesquisa e Educa\u00e7\u00e3o em Sa\u00fade de S\u00e3o Paulo\",\"publisher\":{\"@id\":\"https:\\\/\\\/www.ipessp.edu.br\\\/site\\\/#organization\"},\"potentialAction\":[{\"@type\":\"SearchAction\",\"target\":{\"@type\":\"EntryPoint\",\"urlTemplate\":\"https:\\\/\\\/www.ipessp.edu.br\\\/site\\\/?s={search_term_string}\"},\"query-input\":{\"@type\":\"PropertyValueSpecification\",\"valueRequired\":true,\"valueName\":\"search_term_string\"}}],\"inLanguage\":\"pt-BR\"},{\"@type\":\"Organization\",\"@id\":\"https:\\\/\\\/www.ipessp.edu.br\\\/site\\\/#organization\",\"name\":\"IPESSP\",\"url\":\"https:\\\/\\\/www.ipessp.edu.br\\\/site\\\/\",\"logo\":{\"@type\":\"ImageObject\",\"inLanguage\":\"pt-BR\",\"@id\":\"https:\\\/\\\/www.ipessp.edu.br\\\/site\\\/#\\\/schema\\\/logo\\\/image\\\/\",\"url\":\"https:\\\/\\\/www.ipessp.edu.br\\\/site\\\/wp-content\\\/uploads\\\/2016\\\/10\\\/logotipo.png\",\"contentUrl\":\"https:\\\/\\\/www.ipessp.edu.br\\\/site\\\/wp-content\\\/uploads\\\/2016\\\/10\\\/logotipo.png\",\"width\":900,\"height\":462,\"caption\":\"IPESSP\"},\"image\":{\"@id\":\"https:\\\/\\\/www.ipessp.edu.br\\\/site\\\/#\\\/schema\\\/logo\\\/image\\\/\"},\"sameAs\":[\"https:\\\/\\\/www.facebook.com\\\/ipesspedu\\\/?ref=pages_you_manage\",\"https:\\\/\\\/x.com\\\/ipessp\",\"https:\\\/\\\/www.instagram.com\\\/ipessp\\\/\",\"https:\\\/\\\/www.linkedin.com\\\/feed\\\/\",\"https:\\\/\\\/www.youtube.com\\\/watch?v=mlwRSWmfisw&amp;t=93s\"]}]}<\/script>\n<!-- \/ Yoast SEO plugin. -->","yoast_head_json":{"title":"Atendimento IPESSP - Entre com contato conosco agora!","description":"O IPESSP disponibiliza varias formas de contato para Atendimento. Escolha o melhor e tire suas d\u00favidas. Telefones, email ou presencial.","robots":{"index":"index","follow":"follow","max-snippet":"max-snippet:-1","max-image-preview":"max-image-preview:large","max-video-preview":"max-video-preview:-1"},"canonical":"https:\/\/www.ipessp.edu.br\/site\/home\/atendimento\/","og_locale":"pt_BR","og_type":"article","og_title":"Atendimento IPESSP - Entre com contato conosco agora!","og_description":"O IPESSP disponibiliza varias formas de contato para Atendimento. Escolha o melhor e tire suas d\u00favidas. Telefones, email ou presencial.","og_url":"https:\/\/www.ipessp.edu.br\/site\/home\/atendimento\/","og_site_name":"IPESSP","article_publisher":"https:\/\/www.facebook.com\/ipesspedu\/?ref=pages_you_manage","article_modified_time":"2022-05-11T18:09:56+00:00","twitter_card":"summary_large_image","twitter_site":"@ipessp","schema":{"@context":"https:\/\/schema.org","@graph":[{"@type":"WebPage","@id":"https:\/\/www.ipessp.edu.br\/site\/home\/atendimento\/","url":"https:\/\/www.ipessp.edu.br\/site\/home\/atendimento\/","name":"Atendimento IPESSP - Entre com contato conosco agora!","isPartOf":{"@id":"https:\/\/www.ipessp.edu.br\/site\/#website"},"datePublished":"2018-06-06T19:18:53+00:00","dateModified":"2022-05-11T18:09:56+00:00","description":"O IPESSP disponibiliza varias formas de contato para Atendimento. Escolha o melhor e tire suas d\u00favidas. Telefones, email ou presencial.","breadcrumb":{"@id":"https:\/\/www.ipessp.edu.br\/site\/home\/atendimento\/#breadcrumb"},"inLanguage":"pt-BR","potentialAction":[{"@type":"ReadAction","target":["https:\/\/www.ipessp.edu.br\/site\/home\/atendimento\/"]}]},{"@type":"BreadcrumbList","@id":"https:\/\/www.ipessp.edu.br\/site\/home\/atendimento\/#breadcrumb","itemListElement":[{"@type":"ListItem","position":1,"name":"In\u00edcio","item":"https:\/\/www.ipessp.edu.br\/site\/"},{"@type":"ListItem","position":2,"name":"Home","item":"https:\/\/www.ipessp.edu.br\/site\/"},{"@type":"ListItem","position":3,"name":"Atendimento IPESSP"}]},{"@type":"WebSite","@id":"https:\/\/www.ipessp.edu.br\/site\/#website","url":"https:\/\/www.ipessp.edu.br\/site\/","name":"IPESSP","description":"Instituto de Pesquisa e Educa\u00e7\u00e3o em Sa\u00fade de S\u00e3o Paulo","publisher":{"@id":"https:\/\/www.ipessp.edu.br\/site\/#organization"},"potentialAction":[{"@type":"SearchAction","target":{"@type":"EntryPoint","urlTemplate":"https:\/\/www.ipessp.edu.br\/site\/?s={search_term_string}"},"query-input":{"@type":"PropertyValueSpecification","valueRequired":true,"valueName":"search_term_string"}}],"inLanguage":"pt-BR"},{"@type":"Organization","@id":"https:\/\/www.ipessp.edu.br\/site\/#organization","name":"IPESSP","url":"https:\/\/www.ipessp.edu.br\/site\/","logo":{"@type":"ImageObject","inLanguage":"pt-BR","@id":"https:\/\/www.ipessp.edu.br\/site\/#\/schema\/logo\/image\/","url":"https:\/\/www.ipessp.edu.br\/site\/wp-content\/uploads\/2016\/10\/logotipo.png","contentUrl":"https:\/\/www.ipessp.edu.br\/site\/wp-content\/uploads\/2016\/10\/logotipo.png","width":900,"height":462,"caption":"IPESSP"},"image":{"@id":"https:\/\/www.ipessp.edu.br\/site\/#\/schema\/logo\/image\/"},"sameAs":["https:\/\/www.facebook.com\/ipesspedu\/?ref=pages_you_manage","https:\/\/x.com\/ipessp","https:\/\/www.instagram.com\/ipessp\/","https:\/\/www.linkedin.com\/feed\/","https:\/\/www.youtube.com\/watch?v=mlwRSWmfisw&amp;t=93s"]}]}},"_links":{"self":[{"href":"https:\/\/www.ipessp.edu.br\/site\/wp-json\/wp\/v2\/pages\/4337","targetHints":{"allow":["GET"]}}],"collection":[{"href":"https:\/\/www.ipessp.edu.br\/site\/wp-json\/wp\/v2\/pages"}],"about":[{"href":"https:\/\/www.ipessp.edu.br\/site\/wp-json\/wp\/v2\/types\/page"}],"author":[{"embeddable":true,"href":"https:\/\/www.ipessp.edu.br\/site\/wp-json\/wp\/v2\/users\/3"}],"replies":[{"embeddable":true,"href":"https:\/\/www.ipessp.edu.br\/site\/wp-json\/wp\/v2\/comments?post=4337"}],"version-history":[{"count":9,"href":"https:\/\/www.ipessp.edu.br\/site\/wp-json\/wp\/v2\/pages\/4337\/revisions"}],"predecessor-version":[{"id":45952,"href":"https:\/\/www.ipessp.edu.br\/site\/wp-json\/wp\/v2\/pages\/4337\/revisions\/45952"}],"up":[{"embeddable":true,"href":"https:\/\/www.ipessp.edu.br\/site\/wp-json\/wp\/v2\/pages\/4"}],"wp:attachment":[{"href":"https:\/\/www.ipessp.edu.br\/site\/wp-json\/wp\/v2\/media?parent=4337"}],"curies":[{"name":"wp","href":"https:\/\/api.w.org\/{rel}","templated":true}]}}