{"id":57763,"date":"2023-10-24T11:03:57","date_gmt":"2023-10-24T14:03:57","guid":{"rendered":"https:\/\/www.ipessp.edu.br\/site\/?page_id=57763"},"modified":"2025-08-13T17:10:28","modified_gmt":"2025-08-13T20:10:28","slug":"comissao-propria-de-avaliacao-cpa","status":"publish","type":"page","link":"https:\/\/www.ipessp.edu.br\/site\/comissao-propria-de-avaliacao-cpa\/","title":{"rendered":"Comiss\u00e3o Pr\u00f3pria de Avalia\u00e7\u00e3o &#8211; CPA"},"content":{"rendered":"<p><img loading=\"lazy\" decoding=\"async\" class=\"wp-image-60180 aligncenter\" src=\"https:\/\/www.ipessp.edu.br\/site\/wp-content\/uploads\/2024\/04\/logotipo-cpa.jpg\" alt=\"\" width=\"539\" height=\"536\" \/><\/p>\n<p style=\"text-align: center;\">\n<p style=\"text-align: center;\"><span style=\"color: #800000;\"><strong>\u00a0\u00a0\u00a0\u00a0\u00a0\u00a0\u00a0\u00a0\u00a0\u00a0\u00a0\u00a0 Na lista abaixo est\u00e3o alguns documentos da nossa comiss\u00e3o pr\u00f3pria de avalia\u00e7\u00e3o &#8211; CPA:<\/strong><\/span><\/p>\n<p style=\"text-align: center;\"><a href=\"https:\/\/www.ipessp.edu.br\/site\/wp-content\/uploads\/2023\/10\/Relatorio-2023-Comissao-Propria-de-Avaliacao-IPESSP.pdf\" target=\"_blank\" rel=\"noopener\">Relat\u00f3rio 2023 &#8211; Comiss\u00e3o Pr\u00f3pria de Avalia\u00e7\u00e3o IPESSP<\/a><\/p>\n<p style=\"text-align: center;\"><a href=\"https:\/\/www.ipessp.edu.br\/site\/wp-content\/uploads\/2023\/10\/Informativo-CPA-EAD-2023.pdf\" target=\"_blank\" rel=\"noopener\">Informativo CPA EAD 2023<\/a><\/p>\n<p style=\"text-align: center;\"><a href=\"https:\/\/www.ipessp.edu.br\/site\/wp-content\/uploads\/2023\/10\/Nomeacao-CPA-IPESSP-2023.pdf\" target=\"_blank\" rel=\"noopener\">Nomea\u00e7\u00e3o CPA IPESSP 2023<\/a><\/p>\n<p style=\"text-align: center;\"><a href=\"https:\/\/www.ipessp.edu.br\/site\/wp-content\/uploads\/2023\/10\/Informativo-Substituicao-CPA-2023.pdf\" target=\"_blank\" rel=\"noopener\">Informativo Substitui\u00e7\u00e3o CPA 2023<\/a><\/p>\n<p style=\"text-align: center;\"><a href=\"https:\/\/www.ipessp.edu.br\/site\/wp-content\/uploads\/2023\/10\/Relatorio-2022-Comissao-Propria-de-Avaliacao-IPESSP.pdf\" target=\"_blank\" rel=\"noopener\">Relat\u00f3rio 2022 &#8211; Comiss\u00e3o Pr\u00f3pria de Avalia\u00e7\u00e3o IPESSP<\/a><\/p>\n<p style=\"text-align: center;\"><a href=\"https:\/\/www.ipessp.edu.br\/site\/wp-content\/uploads\/2023\/10\/Relatorio-2021-Comissao-Propria-de-Avaliacao-IPESSP.pdf\" target=\"_blank\" rel=\"noopener\">Relat\u00f3rio 2021 &#8211; Comiss\u00e3o Pr\u00f3pria de Avalia\u00e7\u00e3o IPESSP<\/a><\/p>\n<p style=\"text-align: center;\"><a href=\"https:\/\/drive.google.com\/file\/d\/1807j3cyXi-SbhltMEqlPxFAdkcSpX3fX\/view?usp=sharing\" target=\"_blank\" rel=\"noopener\">Ouvidoria Faculdade IPESSP<\/a><\/p>\n<p style=\"text-align: center;\"><a href=\"https:\/\/www.ipessp.edu.br\/site\/wp-content\/uploads\/2023\/10\/PROJETO-DE-AUTOAVALIACAO-FACULDADE-IPESSP-2023_.pdf\">https:\/\/www.ipessp.edu.br\/site\/wp-content\/uploads\/2023\/10\/PROJETO-DE-AUTOAVALIACAO-FACULDADE-IPESSP-2023_.pdf<\/a><\/p>\n\n\n<p><a href=\"https:\/\/www.ipessp.edu.br\/site\/wp-content\/uploads\/2025\/08\/CPA-SITE-IPESSP-1-1-2.pdf\">https:\/\/www.ipessp.edu.br\/site\/wp-content\/uploads\/2025\/08\/CPA-SITE-IPESSP-1-1-2.pdf<\/a><\/p>\n\n\n\n<p><\/p>\n","protected":false},"excerpt":{"rendered":"<p>\u00a0\u00a0\u00a0\u00a0\u00a0\u00a0\u00a0\u00a0\u00a0\u00a0\u00a0\u00a0 Na lista abaixo est\u00e3o alguns documentos da nossa comiss\u00e3o pr\u00f3pria de avalia\u00e7\u00e3o &#8211; CPA: Relat\u00f3rio 2023 &#8211; Comiss\u00e3o Pr\u00f3pria de Avalia\u00e7\u00e3o IPESSP Informativo CPA EAD 2023 Nomea\u00e7\u00e3o CPA IPESSP 2023 Informativo Substitui\u00e7\u00e3o CPA 2023 Relat\u00f3rio 2022 &#8211; Comiss\u00e3o Pr\u00f3pria de Avalia\u00e7\u00e3o IPESSP Relat\u00f3rio 2021 &#8211; Comiss\u00e3o Pr\u00f3pria de Avalia\u00e7\u00e3o IPESSP Ouvidoria Faculdade IPESSP https:\/\/www.ipessp.edu.br\/site\/wp-content\/uploads\/2023\/10\/PROJETO-DE-AUTOAVALIACAO-FACULDADE-IPESSP-2023_.pdf &hellip; <a href=\"https:\/\/www.ipessp.edu.br\/site\/comissao-propria-de-avaliacao-cpa\/\">Continua<\/a><\/p>\n","protected":false},"author":4,"featured_media":0,"parent":0,"menu_order":0,"comment_status":"closed","ping_status":"closed","template":"","meta":{"footnotes":""},"class_list":["post-57763","page","type-page","status-publish","hentry"],"acf":[],"yoast_head":"<!-- This site is optimized with the Yoast SEO plugin v27.3 - https:\/\/yoast.com\/product\/yoast-seo-wordpress\/ -->\n<title>Comiss\u00e3o Pr\u00f3pria de Avalia\u00e7\u00e3o - CPA - IPESSP<\/title>\n<meta name=\"robots\" content=\"index, follow, max-snippet:-1, max-image-preview:large, max-video-preview:-1\" \/>\n<link rel=\"canonical\" href=\"https:\/\/ipessp.edu.br\/site\/comissao-propria-de-avaliacao-cpa\/\" \/>\n<meta property=\"og:locale\" content=\"pt_BR\" \/>\n<meta property=\"og:type\" content=\"article\" \/>\n<meta property=\"og:title\" content=\"Comiss\u00e3o Pr\u00f3pria de Avalia\u00e7\u00e3o - CPA - IPESSP\" \/>\n<meta property=\"og:description\" content=\"\u00a0\u00a0\u00a0\u00a0\u00a0\u00a0\u00a0\u00a0\u00a0\u00a0\u00a0\u00a0 Na lista abaixo est\u00e3o alguns documentos da nossa comiss\u00e3o pr\u00f3pria de avalia\u00e7\u00e3o &#8211; CPA: Relat\u00f3rio 2023 &#8211; Comiss\u00e3o Pr\u00f3pria de Avalia\u00e7\u00e3o IPESSP Informativo CPA EAD 2023 Nomea\u00e7\u00e3o CPA IPESSP 2023 Informativo Substitui\u00e7\u00e3o CPA 2023 Relat\u00f3rio 2022 &#8211; Comiss\u00e3o Pr\u00f3pria de Avalia\u00e7\u00e3o IPESSP Relat\u00f3rio 2021 &#8211; Comiss\u00e3o Pr\u00f3pria de Avalia\u00e7\u00e3o IPESSP Ouvidoria Faculdade IPESSP https:\/\/www.ipessp.edu.br\/site\/wp-content\/uploads\/2023\/10\/PROJETO-DE-AUTOAVALIACAO-FACULDADE-IPESSP-2023_.pdf &hellip; Continua\" \/>\n<meta property=\"og:url\" content=\"https:\/\/ipessp.edu.br\/site\/comissao-propria-de-avaliacao-cpa\/\" \/>\n<meta property=\"og:site_name\" content=\"IPESSP\" \/>\n<meta property=\"article:publisher\" content=\"https:\/\/www.facebook.com\/ipesspedu\/?ref=pages_you_manage\" \/>\n<meta property=\"article:modified_time\" content=\"2025-08-13T20:10:28+00:00\" \/>\n<meta property=\"og:image\" content=\"https:\/\/www.ipessp.edu.br\/site\/wp-content\/uploads\/2024\/04\/logotipo-cpa.jpg\" \/>\n<meta name=\"twitter:card\" content=\"summary_large_image\" \/>\n<meta name=\"twitter:site\" content=\"@ipessp\" \/>\n<meta name=\"twitter:label1\" content=\"Est. tempo de leitura\" \/>\n\t<meta name=\"twitter:data1\" content=\"1 minuto\" \/>\n<script type=\"application\/ld+json\" class=\"yoast-schema-graph\">{\"@context\":\"https:\\\/\\\/schema.org\",\"@graph\":[{\"@type\":\"WebPage\",\"@id\":\"https:\\\/\\\/ipessp.edu.br\\\/site\\\/comissao-propria-de-avaliacao-cpa\\\/\",\"url\":\"https:\\\/\\\/ipessp.edu.br\\\/site\\\/comissao-propria-de-avaliacao-cpa\\\/\",\"name\":\"Comiss\u00e3o Pr\u00f3pria de Avalia\u00e7\u00e3o - CPA - IPESSP\",\"isPartOf\":{\"@id\":\"https:\\\/\\\/www.ipessp.edu.br\\\/site\\\/#website\"},\"primaryImageOfPage\":{\"@id\":\"https:\\\/\\\/ipessp.edu.br\\\/site\\\/comissao-propria-de-avaliacao-cpa\\\/#primaryimage\"},\"image\":{\"@id\":\"https:\\\/\\\/ipessp.edu.br\\\/site\\\/comissao-propria-de-avaliacao-cpa\\\/#primaryimage\"},\"thumbnailUrl\":\"https:\\\/\\\/www.ipessp.edu.br\\\/site\\\/wp-content\\\/uploads\\\/2024\\\/04\\\/logotipo-cpa.jpg\",\"datePublished\":\"2023-10-24T14:03:57+00:00\",\"dateModified\":\"2025-08-13T20:10:28+00:00\",\"breadcrumb\":{\"@id\":\"https:\\\/\\\/ipessp.edu.br\\\/site\\\/comissao-propria-de-avaliacao-cpa\\\/#breadcrumb\"},\"inLanguage\":\"pt-BR\",\"potentialAction\":[{\"@type\":\"ReadAction\",\"target\":[\"https:\\\/\\\/ipessp.edu.br\\\/site\\\/comissao-propria-de-avaliacao-cpa\\\/\"]}]},{\"@type\":\"ImageObject\",\"inLanguage\":\"pt-BR\",\"@id\":\"https:\\\/\\\/ipessp.edu.br\\\/site\\\/comissao-propria-de-avaliacao-cpa\\\/#primaryimage\",\"url\":\"https:\\\/\\\/www.ipessp.edu.br\\\/site\\\/wp-content\\\/uploads\\\/2024\\\/04\\\/logotipo-cpa.jpg\",\"contentUrl\":\"https:\\\/\\\/www.ipessp.edu.br\\\/site\\\/wp-content\\\/uploads\\\/2024\\\/04\\\/logotipo-cpa.jpg\",\"width\":631,\"height\":625},{\"@type\":\"BreadcrumbList\",\"@id\":\"https:\\\/\\\/ipessp.edu.br\\\/site\\\/comissao-propria-de-avaliacao-cpa\\\/#breadcrumb\",\"itemListElement\":[{\"@type\":\"ListItem\",\"position\":1,\"name\":\"In\u00edcio\",\"item\":\"https:\\\/\\\/www.ipessp.edu.br\\\/site\\\/\"},{\"@type\":\"ListItem\",\"position\":2,\"name\":\"Comiss\u00e3o Pr\u00f3pria de Avalia\u00e7\u00e3o &#8211; CPA\"}]},{\"@type\":\"WebSite\",\"@id\":\"https:\\\/\\\/www.ipessp.edu.br\\\/site\\\/#website\",\"url\":\"https:\\\/\\\/www.ipessp.edu.br\\\/site\\\/\",\"name\":\"IPESSP\",\"description\":\"Instituto de Pesquisa e Educa\u00e7\u00e3o em Sa\u00fade de S\u00e3o Paulo\",\"publisher\":{\"@id\":\"https:\\\/\\\/www.ipessp.edu.br\\\/site\\\/#organization\"},\"potentialAction\":[{\"@type\":\"SearchAction\",\"target\":{\"@type\":\"EntryPoint\",\"urlTemplate\":\"https:\\\/\\\/www.ipessp.edu.br\\\/site\\\/?s={search_term_string}\"},\"query-input\":{\"@type\":\"PropertyValueSpecification\",\"valueRequired\":true,\"valueName\":\"search_term_string\"}}],\"inLanguage\":\"pt-BR\"},{\"@type\":\"Organization\",\"@id\":\"https:\\\/\\\/www.ipessp.edu.br\\\/site\\\/#organization\",\"name\":\"IPESSP\",\"url\":\"https:\\\/\\\/www.ipessp.edu.br\\\/site\\\/\",\"logo\":{\"@type\":\"ImageObject\",\"inLanguage\":\"pt-BR\",\"@id\":\"https:\\\/\\\/www.ipessp.edu.br\\\/site\\\/#\\\/schema\\\/logo\\\/image\\\/\",\"url\":\"https:\\\/\\\/www.ipessp.edu.br\\\/site\\\/wp-content\\\/uploads\\\/2016\\\/10\\\/logotipo.png\",\"contentUrl\":\"https:\\\/\\\/www.ipessp.edu.br\\\/site\\\/wp-content\\\/uploads\\\/2016\\\/10\\\/logotipo.png\",\"width\":900,\"height\":462,\"caption\":\"IPESSP\"},\"image\":{\"@id\":\"https:\\\/\\\/www.ipessp.edu.br\\\/site\\\/#\\\/schema\\\/logo\\\/image\\\/\"},\"sameAs\":[\"https:\\\/\\\/www.facebook.com\\\/ipesspedu\\\/?ref=pages_you_manage\",\"https:\\\/\\\/x.com\\\/ipessp\",\"https:\\\/\\\/www.instagram.com\\\/ipessp\\\/\",\"https:\\\/\\\/www.linkedin.com\\\/feed\\\/\",\"https:\\\/\\\/www.youtube.com\\\/watch?v=mlwRSWmfisw&amp;t=93s\"]}]}<\/script>\n<!-- \/ Yoast SEO plugin. -->","yoast_head_json":{"title":"Comiss\u00e3o Pr\u00f3pria de Avalia\u00e7\u00e3o - CPA - IPESSP","robots":{"index":"index","follow":"follow","max-snippet":"max-snippet:-1","max-image-preview":"max-image-preview:large","max-video-preview":"max-video-preview:-1"},"canonical":"https:\/\/ipessp.edu.br\/site\/comissao-propria-de-avaliacao-cpa\/","og_locale":"pt_BR","og_type":"article","og_title":"Comiss\u00e3o Pr\u00f3pria de Avalia\u00e7\u00e3o - CPA - IPESSP","og_description":"\u00a0\u00a0\u00a0\u00a0\u00a0\u00a0\u00a0\u00a0\u00a0\u00a0\u00a0\u00a0 Na lista abaixo est\u00e3o alguns documentos da nossa comiss\u00e3o pr\u00f3pria de avalia\u00e7\u00e3o &#8211; CPA: Relat\u00f3rio 2023 &#8211; Comiss\u00e3o Pr\u00f3pria de Avalia\u00e7\u00e3o IPESSP Informativo CPA EAD 2023 Nomea\u00e7\u00e3o CPA IPESSP 2023 Informativo Substitui\u00e7\u00e3o CPA 2023 Relat\u00f3rio 2022 &#8211; Comiss\u00e3o Pr\u00f3pria de Avalia\u00e7\u00e3o IPESSP Relat\u00f3rio 2021 &#8211; Comiss\u00e3o Pr\u00f3pria de Avalia\u00e7\u00e3o IPESSP Ouvidoria Faculdade IPESSP https:\/\/www.ipessp.edu.br\/site\/wp-content\/uploads\/2023\/10\/PROJETO-DE-AUTOAVALIACAO-FACULDADE-IPESSP-2023_.pdf &hellip; Continua","og_url":"https:\/\/ipessp.edu.br\/site\/comissao-propria-de-avaliacao-cpa\/","og_site_name":"IPESSP","article_publisher":"https:\/\/www.facebook.com\/ipesspedu\/?ref=pages_you_manage","article_modified_time":"2025-08-13T20:10:28+00:00","og_image":[{"url":"https:\/\/www.ipessp.edu.br\/site\/wp-content\/uploads\/2024\/04\/logotipo-cpa.jpg","type":"","width":"","height":""}],"twitter_card":"summary_large_image","twitter_site":"@ipessp","twitter_misc":{"Est. tempo de leitura":"1 minuto"},"schema":{"@context":"https:\/\/schema.org","@graph":[{"@type":"WebPage","@id":"https:\/\/ipessp.edu.br\/site\/comissao-propria-de-avaliacao-cpa\/","url":"https:\/\/ipessp.edu.br\/site\/comissao-propria-de-avaliacao-cpa\/","name":"Comiss\u00e3o Pr\u00f3pria de Avalia\u00e7\u00e3o - CPA - IPESSP","isPartOf":{"@id":"https:\/\/www.ipessp.edu.br\/site\/#website"},"primaryImageOfPage":{"@id":"https:\/\/ipessp.edu.br\/site\/comissao-propria-de-avaliacao-cpa\/#primaryimage"},"image":{"@id":"https:\/\/ipessp.edu.br\/site\/comissao-propria-de-avaliacao-cpa\/#primaryimage"},"thumbnailUrl":"https:\/\/www.ipessp.edu.br\/site\/wp-content\/uploads\/2024\/04\/logotipo-cpa.jpg","datePublished":"2023-10-24T14:03:57+00:00","dateModified":"2025-08-13T20:10:28+00:00","breadcrumb":{"@id":"https:\/\/ipessp.edu.br\/site\/comissao-propria-de-avaliacao-cpa\/#breadcrumb"},"inLanguage":"pt-BR","potentialAction":[{"@type":"ReadAction","target":["https:\/\/ipessp.edu.br\/site\/comissao-propria-de-avaliacao-cpa\/"]}]},{"@type":"ImageObject","inLanguage":"pt-BR","@id":"https:\/\/ipessp.edu.br\/site\/comissao-propria-de-avaliacao-cpa\/#primaryimage","url":"https:\/\/www.ipessp.edu.br\/site\/wp-content\/uploads\/2024\/04\/logotipo-cpa.jpg","contentUrl":"https:\/\/www.ipessp.edu.br\/site\/wp-content\/uploads\/2024\/04\/logotipo-cpa.jpg","width":631,"height":625},{"@type":"BreadcrumbList","@id":"https:\/\/ipessp.edu.br\/site\/comissao-propria-de-avaliacao-cpa\/#breadcrumb","itemListElement":[{"@type":"ListItem","position":1,"name":"In\u00edcio","item":"https:\/\/www.ipessp.edu.br\/site\/"},{"@type":"ListItem","position":2,"name":"Comiss\u00e3o Pr\u00f3pria de Avalia\u00e7\u00e3o &#8211; CPA"}]},{"@type":"WebSite","@id":"https:\/\/www.ipessp.edu.br\/site\/#website","url":"https:\/\/www.ipessp.edu.br\/site\/","name":"IPESSP","description":"Instituto de Pesquisa e Educa\u00e7\u00e3o em Sa\u00fade de S\u00e3o Paulo","publisher":{"@id":"https:\/\/www.ipessp.edu.br\/site\/#organization"},"potentialAction":[{"@type":"SearchAction","target":{"@type":"EntryPoint","urlTemplate":"https:\/\/www.ipessp.edu.br\/site\/?s={search_term_string}"},"query-input":{"@type":"PropertyValueSpecification","valueRequired":true,"valueName":"search_term_string"}}],"inLanguage":"pt-BR"},{"@type":"Organization","@id":"https:\/\/www.ipessp.edu.br\/site\/#organization","name":"IPESSP","url":"https:\/\/www.ipessp.edu.br\/site\/","logo":{"@type":"ImageObject","inLanguage":"pt-BR","@id":"https:\/\/www.ipessp.edu.br\/site\/#\/schema\/logo\/image\/","url":"https:\/\/www.ipessp.edu.br\/site\/wp-content\/uploads\/2016\/10\/logotipo.png","contentUrl":"https:\/\/www.ipessp.edu.br\/site\/wp-content\/uploads\/2016\/10\/logotipo.png","width":900,"height":462,"caption":"IPESSP"},"image":{"@id":"https:\/\/www.ipessp.edu.br\/site\/#\/schema\/logo\/image\/"},"sameAs":["https:\/\/www.facebook.com\/ipesspedu\/?ref=pages_you_manage","https:\/\/x.com\/ipessp","https:\/\/www.instagram.com\/ipessp\/","https:\/\/www.linkedin.com\/feed\/","https:\/\/www.youtube.com\/watch?v=mlwRSWmfisw&amp;t=93s"]}]}},"_links":{"self":[{"href":"https:\/\/www.ipessp.edu.br\/site\/wp-json\/wp\/v2\/pages\/57763","targetHints":{"allow":["GET"]}}],"collection":[{"href":"https:\/\/www.ipessp.edu.br\/site\/wp-json\/wp\/v2\/pages"}],"about":[{"href":"https:\/\/www.ipessp.edu.br\/site\/wp-json\/wp\/v2\/types\/page"}],"author":[{"embeddable":true,"href":"https:\/\/www.ipessp.edu.br\/site\/wp-json\/wp\/v2\/users\/4"}],"replies":[{"embeddable":true,"href":"https:\/\/www.ipessp.edu.br\/site\/wp-json\/wp\/v2\/comments?post=57763"}],"version-history":[{"count":12,"href":"https:\/\/www.ipessp.edu.br\/site\/wp-json\/wp\/v2\/pages\/57763\/revisions"}],"predecessor-version":[{"id":63066,"href":"https:\/\/www.ipessp.edu.br\/site\/wp-json\/wp\/v2\/pages\/57763\/revisions\/63066"}],"wp:attachment":[{"href":"https:\/\/www.ipessp.edu.br\/site\/wp-json\/wp\/v2\/media?parent=57763"}],"curies":[{"name":"wp","href":"https:\/\/api.w.org\/{rel}","templated":true}]}}